{"id":9193,"date":"2024-07-18T21:03:28","date_gmt":"2024-07-18T21:03:28","guid":{"rendered":"https:\/\/mxf.bnu.mybluehost.me\/website_ca2667c8\/?page_id=9193"},"modified":"2024-10-15T08:27:33","modified_gmt":"2024-10-15T08:27:33","slug":"bv-prenesi-2-darili","status":"publish","type":"page","link":"https:\/\/bitewithzest.com\/sl\/bv-prenesi-2-darili\/","title":{"rendered":"Balkan VEGAN &#8211; PRENESI BREZPLA\u010cNI NAKUPOVALNI SEZNAM"},"content":{"rendered":"\t\t<div data-elementor-type=\"wp-page\" data-elementor-id=\"9193\" class=\"elementor elementor-9193\" data-elementor-post-type=\"page\">\n\t\t\t\t<div class=\"elementor-element elementor-element-a1091cf e-flex e-con-boxed e-con e-parent\" data-id=\"a1091cf\" data-element_type=\"container\" data-e-type=\"container\">\n\t\t\t\t\t<div class=\"e-con-inner\">\n\t\t<div class=\"elementor-element elementor-element-e47bb08 e-flex e-con-boxed e-con e-child\" data-id=\"e47bb08\" data-element_type=\"container\" data-e-type=\"container\" data-settings=\"{&quot;background_background&quot;:&quot;classic&quot;}\">\n\t\t\t\t\t<div class=\"e-con-inner\">\n\t\t<div class=\"elementor-element elementor-element-483d509 e-con-full e-flex e-con e-child\" data-id=\"483d509\" data-element_type=\"container\" data-e-type=\"container\">\n\t\t<div class=\"elementor-element elementor-element-0a7802d e-con-full e-flex e-con e-child\" data-id=\"0a7802d\" data-element_type=\"container\" data-e-type=\"container\">\n\t\t\t\t<div class=\"elementor-element elementor-element-b76a8ab elementor-widget__width-initial elementor-widget elementor-widget-heading\" data-id=\"b76a8ab\" data-element_type=\"widget\" data-e-type=\"widget\" data-widget_type=\"heading.default\">\n\t\t\t\t<div class=\"elementor-widget-container\">\n\t\t\t\t\t<h2 class=\"elementor-heading-title elementor-size-default\">Odkleni svoji 2 darili<\/h2>\t\t\t\t<\/div>\n\t\t\t\t<\/div>\n\t\t\t\t<div class=\"elementor-element elementor-element-021d432 elementor-widget__width-initial elementor-widget elementor-widget-text-editor\" data-id=\"021d432\" data-element_type=\"widget\" data-e-type=\"widget\" data-widget_type=\"text-editor.default\">\n\t\t\t\t<div class=\"elementor-widget-container\">\n\t\t\t\t\t\t\t\t\t<p><strong>1. Nakupovalni seznam za vegansko kuhinjo:<\/strong> <br \/>Popoln vodi\u010d za vse, kar potrebujete za pripravo okusnih in hranljivih veganskih obrokov.<\/p><p><strong>2. Bonus sezonski koledar \u017eivil:<\/strong> <br \/>Uporaben koledar, ki vam pomaga izbrati najbolj sve\u017ee in sezonske sestavine skozi vse leto.<\/p><p><strong>Prenesite si zdaj in olaj\u0161ajte <br \/>svoje vegansko kuharsko potovanje!<\/strong><\/p>\t\t\t\t\t\t\t\t<\/div>\n\t\t\t\t<\/div>\n\t\t\t\t<\/div>\n\t\t\t\t<\/div>\n\t\t<div class=\"elementor-element elementor-element-c9f1e19 e-con-full e-flex e-con e-child\" data-id=\"c9f1e19\" data-element_type=\"container\" data-e-type=\"container\">\n\t\t<div class=\"elementor-element elementor-element-8b77be3 e-con-full e-flex e-con e-child\" data-id=\"8b77be3\" data-element_type=\"container\" data-e-type=\"container\">\n\t\t\t\t<div class=\"elementor-element elementor-element-05a83d6 elementor-widget elementor-widget-image\" data-id=\"05a83d6\" data-element_type=\"widget\" data-e-type=\"widget\" data-widget_type=\"image.default\">\n\t\t\t\t<div class=\"elementor-widget-container\">\n\t\t\t\t\t\t\t\t\t\t\t\t\t\t\t<img fetchpriority=\"high\" decoding=\"async\" width=\"1024\" height=\"576\" src=\"https:\/\/bitewithzest.com\/wp-content\/uploads\/2024\/07\/2-1024x576.png\" class=\"attachment-large size-large wp-image-9173\" alt=\"\" srcset=\"https:\/\/bitewithzest.com\/wp-content\/uploads\/2024\/07\/2-1024x576.png 1024w, https:\/\/bitewithzest.com\/wp-content\/uploads\/2024\/07\/2-300x169.png 300w, https:\/\/bitewithzest.com\/wp-content\/uploads\/2024\/07\/2-768x432.png 768w, https:\/\/bitewithzest.com\/wp-content\/uploads\/2024\/07\/2-1536x864.png 1536w, https:\/\/bitewithzest.com\/wp-content\/uploads\/2024\/07\/2.png 1600w\" sizes=\"(max-width: 1024px) 100vw, 1024px\" \/>\t\t\t\t\t\t\t\t\t\t\t\t\t\t\t<\/div>\n\t\t\t\t<\/div>\n\t\t\t\t<\/div>\n\t\t<div class=\"elementor-element elementor-element-ed3b412 e-con-full e-flex e-con e-child\" data-id=\"ed3b412\" data-element_type=\"container\" data-e-type=\"container\">\n\t\t<div class=\"elementor-element elementor-element-1c741a8 e-con-full e-flex e-con e-child\" data-id=\"1c741a8\" data-element_type=\"container\" data-e-type=\"container\">\n\t\t\t\t<div class=\"elementor-element elementor-element-779ee2d elementor-widget elementor-widget-heading\" data-id=\"779ee2d\" data-element_type=\"widget\" data-e-type=\"widget\" data-widget_type=\"heading.default\">\n\t\t\t\t<div class=\"elementor-widget-container\">\n\t\t\t\t\t<h3 class=\"elementor-heading-title elementor-size-default\">2 darili za vas<\/h3>\t\t\t\t<\/div>\n\t\t\t\t<\/div>\n\t\t\t\t<div class=\"elementor-element elementor-element-d7e9709 elementor-widget__width-initial elementor-widget elementor-widget-text-editor\" data-id=\"d7e9709\" data-element_type=\"widget\" data-e-type=\"widget\" data-widget_type=\"text-editor.default\">\n\t\t\t\t<div class=\"elementor-widget-container\">\n\t\t\t\t\t\t\t\t\t<div class=\"flex-shrink-0 flex flex-col relative items-end\"><div class=\"pt-0.5 juice:pt-0\"><div class=\"gizmo-bot-avatar flex h-6 w-6 items-center justify-center overflow-hidden rounded-full juice:h-8 juice:w-8\"><div class=\"relative p-1 rounded-sm flex items-center justify-center bg-token-main-surface-primary text-token-text-primary h-8 w-8\"><p>Prenesite si brezpla\u010den <br \/>Nakupovalni seznam za vegansko kuhinjo <br \/>ter bonus Sezonski koledar \u017eivil!<\/p><\/div><\/div><\/div><\/div>\t\t\t\t\t\t\t\t<\/div>\n\t\t\t\t<\/div>\n\t\t<div class=\"elementor-element elementor-element-4d24048 e-grid e-con-full e-con e-child\" data-id=\"4d24048\" data-element_type=\"container\" data-e-type=\"container\">\n\t\t\t\t<div class=\"elementor-element elementor-element-d23c9a6 elementor-button-align-stretch elementor-widget elementor-widget-form\" data-id=\"d23c9a6\" data-element_type=\"widget\" data-e-type=\"widget\" data-settings=\"{&quot;step_next_label&quot;:&quot;Next&quot;,&quot;step_previous_label&quot;:&quot;Previous&quot;,&quot;button_width&quot;:&quot;100&quot;,&quot;step_type&quot;:&quot;number_text&quot;,&quot;step_icon_shape&quot;:&quot;circle&quot;}\" data-widget_type=\"form.default\">\n\t\t\t\t<div class=\"elementor-widget-container\">\n\t\t\t\t\t\t\t<form class=\"elementor-form\" method=\"post\" name=\"New Form\" aria-label=\"New Form\">\n\t\t\t<input type=\"hidden\" name=\"post_id\" value=\"9193\"\/>\n\t\t\t<input type=\"hidden\" name=\"form_id\" value=\"d23c9a6\"\/>\n\t\t\t<input type=\"hidden\" name=\"referer_title\" value=\"Balkan VEGAN &#8211; PRENESI BREZPLA\u010cNI NAKUPOVALNI SEZNAM\" \/>\n\n\t\t\t\t\t\t\t<input type=\"hidden\" name=\"queried_id\" value=\"9193\"\/>\n\t\t\t\n\t\t\t<div class=\"elementor-form-fields-wrapper elementor-labels-above\">\n\t\t\t\t\t\t\t\t<div class=\"elementor-field-type-text elementor-field-group elementor-column elementor-field-group-name elementor-col-100\">\n\t\t\t\t\t\t\t\t\t\t\t\t<label for=\"form-field-name\" class=\"elementor-field-label\">\n\t\t\t\t\t\t\t\tIme\t\t\t\t\t\t\t<\/label>\n\t\t\t\t\t\t\t\t\t\t\t\t\t\t<input size=\"1\" type=\"text\" name=\"form_fields[name]\" id=\"form-field-name\" class=\"elementor-field elementor-size-sm  elementor-field-textual\" placeholder=\"Vpi\u0161ite tukaj...\">\n\t\t\t\t\t\t\t\t\t\t\t<\/div>\n\t\t\t\t\t\t\t\t<div class=\"elementor-field-type-email elementor-field-group elementor-column elementor-field-group-email elementor-col-100 elementor-field-required\">\n\t\t\t\t\t\t\t\t\t\t\t\t<label for=\"form-field-email\" class=\"elementor-field-label\">\n\t\t\t\t\t\t\t\tE-mail\t\t\t\t\t\t\t<\/label>\n\t\t\t\t\t\t\t\t\t\t\t\t\t\t<input size=\"1\" type=\"email\" name=\"form_fields[email]\" id=\"form-field-email\" class=\"elementor-field elementor-size-sm  elementor-field-textual\" placeholder=\"Vpi\u0161ite svoj e-mail naslov\" required=\"required\">\n\t\t\t\t\t\t\t\t\t\t\t<\/div>\n\t\t\t\t\t\t\t\t<div class=\"elementor-field-group elementor-column elementor-field-type-submit elementor-col-100 e-form__buttons\">\n\t\t\t\t\t<button class=\"elementor-button elementor-size-sm\" type=\"submit\">\n\t\t\t\t\t\t<span class=\"elementor-button-content-wrapper\">\n\t\t\t\t\t\t\t\t\t\t\t\t\t\t\t\t\t\t\t\t\t\t<span class=\"elementor-button-text\">PRENESI SVOJ PRIRO\u010cNIK<\/span>\n\t\t\t\t\t\t\t\t\t\t\t\t\t<\/span>\n\t\t\t\t\t<\/button>\n\t\t\t\t<\/div>\n\t\t\t<\/div>\n\t\t<\/form>\n\t\t\t\t\t\t<\/div>\n\t\t\t\t<\/div>\n\t\t\t\t<\/div>\n\t\t\t\t<\/div>\n\t\t\t\t<\/div>\n\t\t\t\t<\/div>\n\t\t\t\t\t<\/div>\n\t\t\t\t<\/div>\n\t\t\t\t<div class=\"elementor-element elementor-element-1149926 elementor-absolute elementor-widget elementor-widget-image\" data-id=\"1149926\" data-element_type=\"widget\" data-e-type=\"widget\" data-settings=\"{&quot;_position&quot;:&quot;absolute&quot;}\" data-widget_type=\"image.default\">\n\t\t\t\t<div class=\"elementor-widget-container\">\n\t\t\t\t\t\t\t\t\t\t\t\t\t\t\t<img decoding=\"async\" width=\"789\" height=\"507\" src=\"https:\/\/bitewithzest.com\/wp-content\/uploads\/2024\/04\/basil-10-2.png\" class=\"attachment-full size-full wp-image-6395\" alt=\"\" srcset=\"https:\/\/bitewithzest.com\/wp-content\/uploads\/2024\/04\/basil-10-2.png 789w, https:\/\/bitewithzest.com\/wp-content\/uploads\/2024\/04\/basil-10-2-300x193.png 300w, https:\/\/bitewithzest.com\/wp-content\/uploads\/2024\/04\/basil-10-2-768x494.png 768w, https:\/\/bitewithzest.com\/wp-content\/uploads\/2024\/04\/basil-10-2-18x12.png 18w, https:\/\/bitewithzest.com\/wp-content\/uploads\/2024\/04\/basil-10-2-600x386.png 600w\" sizes=\"(max-width: 789px) 100vw, 789px\" \/>\t\t\t\t\t\t\t\t\t\t\t\t\t\t\t<\/div>\n\t\t\t\t<\/div>\n\t\t\t\t\t<\/div>\n\t\t\t\t<\/div>\n\t\t<div class=\"elementor-element elementor-element-c15cdd3 e-flex e-con-boxed e-con e-parent\" data-id=\"c15cdd3\" data-element_type=\"container\" data-e-type=\"container\">\n\t\t\t\t\t<div class=\"e-con-inner\">\n\t\t<div class=\"elementor-element elementor-element-bc7ace3 e-con-full e-flex e-con e-child\" data-id=\"bc7ace3\" data-element_type=\"container\" data-e-type=\"container\">\n\t\t<div class=\"elementor-element elementor-element-d75ebe0 e-con-full e-flex e-con e-child\" data-id=\"d75ebe0\" data-element_type=\"container\" data-e-type=\"container\">\n\t\t\t\t<div class=\"elementor-element elementor-element-fd7ba42 elementor-widget elementor-widget-heading\" data-id=\"fd7ba42\" data-element_type=\"widget\" data-e-type=\"widget\" data-widget_type=\"heading.default\">\n\t\t\t\t<div class=\"elementor-widget-container\">\n\t\t\t\t\t<h2 class=\"elementor-heading-title elementor-size-default\">Prva kuharska knjiga, ki slavi vegansko kuhinjo z Balkana<\/h2>\t\t\t\t<\/div>\n\t\t\t\t<\/div>\n\t\t\t\t<\/div>\n\t\t<div class=\"elementor-element elementor-element-bd7af4c e-con-full e-flex e-con e-child\" data-id=\"bd7af4c\" data-element_type=\"container\" data-e-type=\"container\">\n\t\t\t\t<div class=\"elementor-element elementor-element-ef7a87d elementor-widget elementor-widget-image\" data-id=\"ef7a87d\" data-element_type=\"widget\" data-e-type=\"widget\" data-widget_type=\"image.default\">\n\t\t\t\t<div class=\"elementor-widget-container\">\n\t\t\t\t\t\t\t\t\t\t\t\t\t\t\t<img decoding=\"async\" width=\"522\" height=\"523\" src=\"https:\/\/bitewithzest.com\/wp-content\/uploads\/2024\/05\/1.png\" class=\"attachment-large size-large wp-image-6775\" alt=\"\" srcset=\"https:\/\/bitewithzest.com\/wp-content\/uploads\/2024\/05\/1.png 522w, https:\/\/bitewithzest.com\/wp-content\/uploads\/2024\/05\/1-300x300.png 300w, https:\/\/bitewithzest.com\/wp-content\/uploads\/2024\/05\/1-150x150.png 150w, https:\/\/bitewithzest.com\/wp-content\/uploads\/2024\/05\/1-100x100.png 100w\" sizes=\"(max-width: 522px) 100vw, 522px\" \/>\t\t\t\t\t\t\t\t\t\t\t\t\t\t\t<\/div>\n\t\t\t\t<\/div>\n\t\t\t\t<\/div>\n\t\t<div class=\"elementor-element elementor-element-d5a95f3 e-con-full e-flex e-con e-child\" data-id=\"d5a95f3\" data-element_type=\"container\" data-e-type=\"container\">\n\t\t\t\t<div class=\"elementor-element elementor-element-5f958d6 elementor-position-left elementor-vertical-align-top elementor-widget elementor-widget-image-box\" data-id=\"5f958d6\" data-element_type=\"widget\" data-e-type=\"widget\" data-widget_type=\"image-box.default\">\n\t\t\t\t<div class=\"elementor-widget-container\">\n\t\t\t\t\t<div class=\"elementor-image-box-wrapper\"><figure class=\"elementor-image-box-img\"><img loading=\"lazy\" decoding=\"async\" width=\"512\" height=\"512\" src=\"https:\/\/bitewithzest.com\/wp-content\/uploads\/2024\/05\/svgviewer-output-1.svg\" class=\"attachment-full size-full wp-image-3480\" alt=\"\" \/><\/figure><div class=\"elementor-image-box-content\"><h3 class=\"elementor-image-box-title\"> <b>Avtenti\u010dni recepti:<\/b> Veganom prijazne tradicionalne jedi, kot so sarma in polnjene paprike.<\/h3><\/div><\/div>\t\t\t\t<\/div>\n\t\t\t\t<\/div>\n\t\t\t\t<div class=\"elementor-element elementor-element-d0ea567 elementor-position-left elementor-vertical-align-top elementor-widget elementor-widget-image-box\" data-id=\"d0ea567\" data-element_type=\"widget\" data-e-type=\"widget\" data-widget_type=\"image-box.default\">\n\t\t\t\t<div class=\"elementor-widget-container\">\n\t\t\t\t\t<div class=\"elementor-image-box-wrapper\"><figure class=\"elementor-image-box-img\"><img loading=\"lazy\" decoding=\"async\" width=\"512\" height=\"512\" src=\"https:\/\/bitewithzest.com\/wp-content\/uploads\/2024\/05\/svgviewer-output-1.svg\" class=\"attachment-full size-full wp-image-3480\" alt=\"\" \/><\/figure><div class=\"elementor-image-box-content\"><h3 class=\"elementor-image-box-title\"><b>Enostavno in zabavno:<\/b> Recepti so opremljeni z jasnimi navodili, ocenami te\u017eavnosti in igrivimi fotografijami.<\/h3><\/div><\/div>\t\t\t\t<\/div>\n\t\t\t\t<\/div>\n\t\t\t\t<div class=\"elementor-element elementor-element-a52c7c3 elementor-position-left elementor-vertical-align-top elementor-widget elementor-widget-image-box\" data-id=\"a52c7c3\" data-element_type=\"widget\" data-e-type=\"widget\" data-widget_type=\"image-box.default\">\n\t\t\t\t<div class=\"elementor-widget-container\">\n\t\t\t\t\t<div class=\"elementor-image-box-wrapper\"><figure class=\"elementor-image-box-img\"><img loading=\"lazy\" decoding=\"async\" width=\"512\" height=\"512\" src=\"https:\/\/bitewithzest.com\/wp-content\/uploads\/2024\/05\/svgviewer-output-1.svg\" class=\"attachment-full size-full wp-image-3480\" alt=\"\" \/><\/figure><div class=\"elementor-image-box-content\"><h3 class=\"elementor-image-box-title\"><b>Zavedanje o zdravju:<\/b> Spo\u0161tujte zdrav na\u010din \u017eivljenja z okusnimi rastlinskimi obroki.<\/h3><\/div><\/div>\t\t\t\t<\/div>\n\t\t\t\t<\/div>\n\t\t\t\t<div class=\"elementor-element elementor-element-a1a8fae elementor-mobile-align-center elementor-widget elementor-widget-button\" data-id=\"a1a8fae\" data-element_type=\"widget\" data-e-type=\"widget\" data-widget_type=\"button.default\">\n\t\t\t\t<div class=\"elementor-widget-container\">\n\t\t\t\t\t\t\t\t\t<div class=\"elementor-button-wrapper\">\n\t\t\t\t\t<a class=\"elementor-button elementor-button-link elementor-size-sm\" href=\"https:\/\/bitewithzest.com\/sl\/shop\/\">\n\t\t\t\t\t\t<span class=\"elementor-button-content-wrapper\">\n\t\t\t\t\t\t\t\t\t<span class=\"elementor-button-text\">NARO\u010cITE TUKAJ<\/span>\n\t\t\t\t\t<\/span>\n\t\t\t\t\t<\/a>\n\t\t\t\t<\/div>\n\t\t\t\t\t\t\t\t<\/div>\n\t\t\t\t<\/div>\n\t\t\t\t<\/div>\n\t\t\t\t<\/div>\n\t\t\t\t\t<\/div>\n\t\t\t\t<\/div>\n\t\t<div class=\"elementor-element elementor-element-71c0fb5 e-con-full e-flex e-con e-parent\" data-id=\"71c0fb5\" data-element_type=\"container\" data-e-type=\"container\" data-settings=\"{&quot;background_background&quot;:&quot;classic&quot;}\">\n\t\t<div class=\"elementor-element elementor-element-7841402 e-con-full e-flex e-con e-child\" data-id=\"7841402\" data-element_type=\"container\" data-e-type=\"container\">\n\t\t<div class=\"elementor-element elementor-element-95af282 e-con-full e-flex e-con e-child\" data-id=\"95af282\" data-element_type=\"container\" data-e-type=\"container\">\n\t\t\t\t<div class=\"elementor-element elementor-element-12cc802 elementor-absolute elementor-widget elementor-widget-image\" data-id=\"12cc802\" data-element_type=\"widget\" data-e-type=\"widget\" data-settings=\"{&quot;_position&quot;:&quot;absolute&quot;}\" data-widget_type=\"image.default\">\n\t\t\t\t<div class=\"elementor-widget-container\">\n\t\t\t\t\t\t\t\t\t\t\t\t\t\t\t<img loading=\"lazy\" decoding=\"async\" width=\"266\" height=\"172\" src=\"https:\/\/bitewithzest.com\/wp-content\/uploads\/2024\/05\/7-1.png\" class=\"attachment-large size-large wp-image-6799\" alt=\"\" \/>\t\t\t\t\t\t\t\t\t\t\t\t\t\t\t<\/div>\n\t\t\t\t<\/div>\n\t\t\t\t<\/div>\n\t\t\t\t<\/div>\n\t\t<div class=\"elementor-element elementor-element-afc5211 e-con-full e-flex e-con e-child\" data-id=\"afc5211\" data-element_type=\"container\" data-e-type=\"container\">\n\t\t<div class=\"elementor-element elementor-element-23cfee9 e-con-full e-flex e-con e-child\" data-id=\"23cfee9\" data-element_type=\"container\" data-e-type=\"container\">\n\t\t\t\t<div class=\"elementor-element elementor-element-691335c elementor-widget elementor-widget-heading\" data-id=\"691335c\" data-element_type=\"widget\" data-e-type=\"widget\" data-widget_type=\"heading.default\">\n\t\t\t\t<div class=\"elementor-widget-container\">\n\t\t\t\t\t<h2 class=\"elementor-heading-title elementor-size-default\">Odkrijte veganski Balkan<\/h2>\t\t\t\t<\/div>\n\t\t\t\t<\/div>\n\t\t\t\t<div class=\"elementor-element elementor-element-45edc61 elementor-widget elementor-widget-heading\" data-id=\"45edc61\" data-element_type=\"widget\" data-e-type=\"widget\" data-widget_type=\"heading.default\">\n\t\t\t\t<div class=\"elementor-widget-container\">\n\t\t\t\t\t<h2 class=\"elementor-heading-title elementor-size-default\">Zdaj na voljo v 4 jezikih!<\/h2>\t\t\t\t<\/div>\n\t\t\t\t<\/div>\n\t\t\t\t<div class=\"elementor-element elementor-element-e1bdb79 elementor-widget elementor-widget-text-editor\" data-id=\"e1bdb79\" data-element_type=\"widget\" data-e-type=\"widget\" data-widget_type=\"text-editor.default\">\n\t\t\t\t<div class=\"elementor-widget-container\">\n\t\t\t\t\t\t\t\t\t<p>Veganska balkanska kuhinja? Absolutno! Potopite se v \u010dudovit svet veganske sarme, polnjene paprike in \u0161e ve\u010d z &#8220;Balkan VEGAN&#8221;. Ta kuharska knjiga je namenjena vsem, ki \u017eelijo raziskati \u010darobnost balkanskih receptov skozi preprosto in zdravo vegansko le\u010do. V njej ne boste na\u0161li le okusnih receptov, temve\u010d tudi zanimiv vpogled v tradicije, obi\u010daje in prehranske prednosti, zaradi katerih je balkanska kuhinja edinstveno hranljiva.<\/p>\n\t\t\t\t\t\t\t\t<\/div>\n\t\t\t\t<\/div>\n\t\t\t\t<div class=\"elementor-element elementor-element-8ef95a5 elementor-widget elementor-widget-text-editor\" data-id=\"8ef95a5\" data-element_type=\"widget\" data-e-type=\"widget\" data-widget_type=\"text-editor.default\">\n\t\t\t\t<div class=\"elementor-widget-container\">\n\t\t\t\t\t\t\t\t\t\nBalkan VEGAN je zdaj na voljo v angle\u0161\u010dini, nem\u0161\u010dini, bosansko-hrva\u0161ko-srb\u0161\u010dini in sloven\u0161\u010dini!  \t\t\t\t\t\t\t\t<\/div>\n\t\t\t\t<\/div>\n\t\t\t\t<\/div>\n\t\t\t\t<\/div>\n\t\t\t\t<\/div>\n\t\t<div class=\"elementor-element elementor-element-f14f19b e-flex e-con-boxed e-con e-parent\" data-id=\"f14f19b\" data-element_type=\"container\" data-e-type=\"container\">\n\t\t\t\t\t<div class=\"e-con-inner\">\n\t\t<div class=\"elementor-element elementor-element-f51aff7 e-con-full e-flex e-con e-child\" data-id=\"f51aff7\" data-element_type=\"container\" data-e-type=\"container\">\n\t\t\t\t<div class=\"elementor-element elementor-element-00c532e elementor-widget elementor-widget-heading\" data-id=\"00c532e\" data-element_type=\"widget\" data-e-type=\"widget\" data-widget_type=\"heading.default\">\n\t\t\t\t<div class=\"elementor-widget-container\">\n\t\t\t\t\t<h2 class=\"elementor-heading-title elementor-size-default\">Naro\u010dite Balkan VEGAN<\/h2>\t\t\t\t<\/div>\n\t\t\t\t<\/div>\n\t\t\t\t<div class=\"elementor-element elementor-element-4b5ca77 elementor-widget elementor-widget-image\" data-id=\"4b5ca77\" data-element_type=\"widget\" data-e-type=\"widget\" data-widget_type=\"image.default\">\n\t\t\t\t<div class=\"elementor-widget-container\">\n\t\t\t\t\t\t\t\t\t\t\t\t\t\t\t<img loading=\"lazy\" decoding=\"async\" width=\"886\" height=\"627\" src=\"https:\/\/bitewithzest.com\/wp-content\/uploads\/2024\/07\/cover_BV_grounge-02_sl.png\" class=\"attachment-large size-large wp-image-9295\" alt=\"\" srcset=\"https:\/\/bitewithzest.com\/wp-content\/uploads\/2024\/07\/cover_BV_grounge-02_sl.png 886w, https:\/\/bitewithzest.com\/wp-content\/uploads\/2024\/07\/cover_BV_grounge-02_sl-300x212.png 300w, https:\/\/bitewithzest.com\/wp-content\/uploads\/2024\/07\/cover_BV_grounge-02_sl-768x543.png 768w\" sizes=\"(max-width: 886px) 100vw, 886px\" \/>\t\t\t\t\t\t\t\t\t\t\t\t\t\t\t<\/div>\n\t\t\t\t<\/div>\n\t\t\t\t<div class=\"elementor-element elementor-element-b41f7bf elementor-widget elementor-widget-text-editor\" data-id=\"b41f7bf\" data-element_type=\"widget\" data-e-type=\"widget\" data-widget_type=\"text-editor.default\">\n\t\t\t\t<div class=\"elementor-widget-container\">\n\t\t\t\t\t\t\t\t\t<p>Razi\u0161\u010dite raznolike okuse veganske balkanske kuhinje v \u017eelenem<br \/>jezik in se podajte na okusno kulinari\u010dno potovanje!<\/p>\n\t\t\t\t\t\t\t\t<\/div>\n\t\t\t\t<\/div>\n\t\t\t\t<div class=\"elementor-element elementor-element-c65c547 elementor-align-center elementor-widget elementor-widget-button\" data-id=\"c65c547\" data-element_type=\"widget\" data-e-type=\"widget\" data-widget_type=\"button.default\">\n\t\t\t\t<div class=\"elementor-widget-container\">\n\t\t\t\t\t\t\t\t\t<div class=\"elementor-button-wrapper\">\n\t\t\t\t\t<a class=\"elementor-button elementor-button-link elementor-size-sm\" href=\"https:\/\/bitewithzest.com\/sl\/shop\/\">\n\t\t\t\t\t\t<span class=\"elementor-button-content-wrapper\">\n\t\t\t\t\t\t\t\t\t<span class=\"elementor-button-text\">NARO\u010cITE TUKAJ<\/span>\n\t\t\t\t\t<\/span>\n\t\t\t\t\t<\/a>\n\t\t\t\t<\/div>\n\t\t\t\t\t\t\t\t<\/div>\n\t\t\t\t<\/div>\n\t\t\t\t<\/div>\n\t\t\t\t\t<\/div>\n\t\t\t\t<\/div>\n\t\t<div class=\"elementor-element elementor-element-94878b8 e-flex e-con-boxed e-con e-parent\" data-id=\"94878b8\" data-element_type=\"container\" data-e-type=\"container\">\n\t\t\t\t\t<div class=\"e-con-inner\">\n\t\t\t\t<div class=\"elementor-element elementor-element-9c20a2b elementor-widget elementor-widget-spacer\" data-id=\"9c20a2b\" data-element_type=\"widget\" data-e-type=\"widget\" data-widget_type=\"spacer.default\">\n\t\t\t\t<div class=\"elementor-widget-container\">\n\t\t\t\t\t\t\t<div class=\"elementor-spacer\">\n\t\t\t<div class=\"elementor-spacer-inner\"><\/div>\n\t\t<\/div>\n\t\t\t\t\t\t<\/div>\n\t\t\t\t<\/div>\n\t\t\t\t\t<\/div>\n\t\t\t\t<\/div>\n\t\t\t\t<\/div>\n\t\t","protected":false},"excerpt":{"rendered":"<p>Odkleni svoji 2 darili 1. Nakupovalni seznam za vegansko kuhinjo: Popoln vodi\u010d za vse, kar potrebujete za pripravo okusnih in [&hellip;]<\/p>\n","protected":false},"author":2,"featured_media":0,"parent":0,"menu_order":0,"comment_status":"closed","ping_status":"closed","template":"elementor_header_footer","meta":{"site-sidebar-layout":"no-sidebar","site-content-layout":"","ast-site-content-layout":"full-width-container","site-content-style":"default","site-sidebar-style":"default","ast-global-header-display":"","ast-banner-title-visibility":"","ast-main-header-display":"","ast-hfb-above-header-display":"","ast-hfb-below-header-display":"","ast-hfb-mobile-header-display":"","site-post-title":"disabled","ast-breadcrumbs-content":"","ast-featured-img":"disabled","footer-sml-layout":"","theme-transparent-header-meta":"","adv-header-id-meta":"","stick-header-meta":"","header-above-stick-meta":"","header-main-stick-meta":"","header-below-stick-meta":"","astra-migrate-meta-layouts":"default","ast-page-background-enabled":"default","ast-page-background-meta":{"desktop":{"background-color":"var(--ast-global-color-4)","background-image":"","background-repeat":"repeat","background-position":"center center","background-size":"auto","background-attachment":"scroll","background-type":"","background-media":"","overlay-type":"","overlay-color":"","overlay-gradient":""},"tablet":{"background-color":"","background-image":"","background-repeat":"repeat","background-position":"center center","background-size":"auto","background-attachment":"scroll","background-type":"","background-media":"","overlay-type":"","overlay-color":"","overlay-gradient":""},"mobile":{"background-color":"","background-image":"","background-repeat":"repeat","background-position":"center center","background-size":"auto","background-attachment":"scroll","background-type":"","background-media":"","overlay-type":"","overlay-color":"","overlay-gradient":""}},"ast-content-background-meta":{"desktop":{"background-color":"var(--ast-global-color-5)","background-image":"","background-repeat":"repeat","background-position":"center center","background-size":"auto","background-attachment":"scroll","background-type":"","background-media":"","overlay-type":"","overlay-color":"","overlay-gradient":""},"tablet":{"background-color":"var(--ast-global-color-5)","background-image":"","background-repeat":"repeat","background-position":"center center","background-size":"auto","background-attachment":"scroll","background-type":"","background-media":"","overlay-type":"","overlay-color":"","overlay-gradient":""},"mobile":{"background-color":"var(--ast-global-color-5)","background-image":"","background-repeat":"repeat","background-position":"center center","background-size":"auto","background-attachment":"scroll","background-type":"","background-media":"","overlay-type":"","overlay-color":"","overlay-gradient":""}},"footnotes":""},"class_list":["post-9193","page","type-page","status-publish","hentry"],"_links":{"self":[{"href":"https:\/\/bitewithzest.com\/sl\/wp-json\/wp\/v2\/pages\/9193","targetHints":{"allow":["GET"]}}],"collection":[{"href":"https:\/\/bitewithzest.com\/sl\/wp-json\/wp\/v2\/pages"}],"about":[{"href":"https:\/\/bitewithzest.com\/sl\/wp-json\/wp\/v2\/types\/page"}],"author":[{"embeddable":true,"href":"https:\/\/bitewithzest.com\/sl\/wp-json\/wp\/v2\/users\/2"}],"replies":[{"embeddable":true,"href":"https:\/\/bitewithzest.com\/sl\/wp-json\/wp\/v2\/comments?post=9193"}],"version-history":[{"count":86,"href":"https:\/\/bitewithzest.com\/sl\/wp-json\/wp\/v2\/pages\/9193\/revisions"}],"predecessor-version":[{"id":11234,"href":"https:\/\/bitewithzest.com\/sl\/wp-json\/wp\/v2\/pages\/9193\/revisions\/11234"}],"wp:attachment":[{"href":"https:\/\/bitewithzest.com\/sl\/wp-json\/wp\/v2\/media?parent=9193"}],"curies":[{"name":"wp","href":"https:\/\/api.w.org\/{rel}","templated":true}]}}