{"id":6963,"date":"2024-04-20T12:01:18","date_gmt":"2024-04-20T12:01:18","guid":{"rendered":"https:\/\/mxf.bnu.mybluehost.me\/website_ca2667c8\/httpdocs\/pravilnik-o-piskotkih\/"},"modified":"2024-06-15T10:14:32","modified_gmt":"2024-06-15T10:14:32","slug":"pravilnik-o-piskotkih","status":"publish","type":"page","link":"https:\/\/bitewithzest.com\/sl\/pravilnik-o-piskotkih\/","title":{"rendered":"Pravilnik o pi\u0161kotkih"},"content":{"rendered":"\t\t<div data-elementor-type=\"wp-page\" data-elementor-id=\"6963\" class=\"elementor elementor-6963 elementor-1100\" data-elementor-post-type=\"page\">\n\t\t\t\t<div class=\"elementor-element elementor-element-205968e e-con-full e-flex e-con e-parent\" data-id=\"205968e\" data-element_type=\"container\" data-e-type=\"container\">\n\t\t<div class=\"elementor-element elementor-element-8aa0325 e-flex e-con-boxed e-con e-child\" data-id=\"8aa0325\" data-element_type=\"container\" data-e-type=\"container\">\n\t\t\t\t\t<div class=\"e-con-inner\">\n\t\t\t\t<div class=\"elementor-element elementor-element-a362ee1 elementor-widget elementor-widget-heading\" data-id=\"a362ee1\" data-element_type=\"widget\" data-e-type=\"widget\" data-widget_type=\"heading.default\">\n\t\t\t\t<div class=\"elementor-widget-container\">\n\t\t\t\t\t<h2 class=\"elementor-heading-title elementor-size-default\">Pi\u0161kotki<\/h2>\t\t\t\t<\/div>\n\t\t\t\t<\/div>\n\t\t\t\t<div class=\"elementor-element elementor-element-4219bed elementor-widget elementor-widget-heading\" data-id=\"4219bed\" data-element_type=\"widget\" data-e-type=\"widget\" data-widget_type=\"heading.default\">\n\t\t\t\t<div class=\"elementor-widget-container\">\n\t\t\t\t\t<h2 class=\"elementor-heading-title elementor-size-default\">Politika<\/h2>\t\t\t\t<\/div>\n\t\t\t\t<\/div>\n\t\t\t\t\t<\/div>\n\t\t\t\t<\/div>\n\t\t\t\t<\/div>\n\t\t<div class=\"elementor-element elementor-element-5705619 e-con-full e-flex e-con e-parent\" data-id=\"5705619\" data-element_type=\"container\" data-e-type=\"container\">\n\t\t<div class=\"elementor-element elementor-element-003a751 e-flex e-con-boxed e-con e-child\" data-id=\"003a751\" data-element_type=\"container\" data-e-type=\"container\">\n\t\t\t\t\t<div class=\"e-con-inner\">\n\t\t\t\t<div class=\"elementor-element elementor-element-4795762 elementor-widget elementor-widget-heading\" data-id=\"4795762\" data-element_type=\"widget\" data-e-type=\"widget\" data-widget_type=\"heading.default\">\n\t\t\t\t<div class=\"elementor-widget-container\">\n\t\t\t\t\t<h2 class=\"elementor-heading-title elementor-size-default\">1. Kaj je pi\u0161kotek?<\/h2>\t\t\t\t<\/div>\n\t\t\t\t<\/div>\n\t\t\t\t<div class=\"elementor-element elementor-element-5f47303 elementor-widget elementor-widget-text-editor\" data-id=\"5f47303\" data-element_type=\"widget\" data-e-type=\"widget\" data-widget_type=\"text-editor.default\">\n\t\t\t\t<div class=\"elementor-widget-container\">\n\t\t\t\t\t\t\t\t\t<p>Pi\u0161kotki so majhne besedilne datoteke, ki se prenesejo v va\u0161 ra\u010dunalnik ali mobilno napravo (npr. pametni telefon ali tabli\u010dni ra\u010dunalnik), ko obi\u0161\u010dete na\u0161a spletna mesta. Pi\u0161kotek obi\u010dajno vsebuje ime spletnega mesta, ki ga je nastavilo, \u010das trajanja pi\u0161kotka (tj. \u010das, ko pi\u0161kotek ostane v va\u0161i napravi) in vrednost, ki je obi\u010dajno naklju\u010dno generirana edinstvena \u0161tevilka.<\/p>\n\t\t\t\t\t\t\t\t<\/div>\n\t\t\t\t<\/div>\n\t\t\t\t\t<\/div>\n\t\t\t\t<\/div>\n\t\t\t\t<\/div>\n\t\t<div class=\"elementor-element elementor-element-376de3a e-con-full e-flex e-con e-parent\" data-id=\"376de3a\" data-element_type=\"container\" data-e-type=\"container\">\n\t\t<div class=\"elementor-element elementor-element-b7cc610 e-flex e-con-boxed e-con e-child\" data-id=\"b7cc610\" data-element_type=\"container\" data-e-type=\"container\">\n\t\t\t\t\t<div class=\"e-con-inner\">\n\t\t\t\t<div class=\"elementor-element elementor-element-6f30c1d elementor-widget elementor-widget-heading\" data-id=\"6f30c1d\" data-element_type=\"widget\" data-e-type=\"widget\" data-widget_type=\"heading.default\">\n\t\t\t\t<div class=\"elementor-widget-container\">\n\t\t\t\t\t<h2 class=\"elementor-heading-title elementor-size-default\">2. Za kaj uporabljamo pi\u0161kotke?<\/h2>\t\t\t\t<\/div>\n\t\t\t\t<\/div>\n\t\t\t\t<div class=\"elementor-element elementor-element-6de2f36 elementor-widget elementor-widget-text-editor\" data-id=\"6de2f36\" data-element_type=\"widget\" data-e-type=\"widget\" data-widget_type=\"text-editor.default\">\n\t\t\t\t<div class=\"elementor-widget-container\">\n\t\t\t\t\t\t\t\t\t<p>Pi\u0161kotke uporabljamo za la\u017ejo uporabo na\u0161ih spletnih mest ter za bolj\u0161e prilagajanje spletnih mest in na\u0161ih izdelkov va\u0161im interesom in potrebam. To lahko storijo pi\u0161kotki, ker lahko spletna mesta berejo in pi\u0161ejo te datoteke. Tako vas lahko prepoznajo in shranijo pomembne informacije, ki vam olaj\u0161ajo uporabo spletnega mesta (npr. shranijo va\u0161e \u017eelene nastavitve).<\/p>\n<p>Pi\u0161kotki se lahko uporabljajo tudi za hitrej\u0161e izvajanje dejavnosti na na\u0161ih spletnih mestih v prihodnosti. Poleg tega uporabljamo pi\u0161kotke za pripravo anonimnih, zbirnih statisti\u010dnih podatkov, ki nam omogo\u010dajo razumevanje uporabni\u0161kega vedenja obiskovalcev na\u0161ih spletnih mest in nam pomagajo izbolj\u0161ati strukturo in vsebino na\u0161ih spletnih mest. Informacije v pi\u0161kotkih nam ne omogo\u010dajo, da bi vas osebno identificirali.<\/p>\n\t\t\t\t\t\t\t\t<\/div>\n\t\t\t\t<\/div>\n\t\t\t\t\t<\/div>\n\t\t\t\t<\/div>\n\t\t\t\t<\/div>\n\t\t<div class=\"elementor-element elementor-element-848d297 e-con-full e-flex e-con e-parent\" data-id=\"848d297\" data-element_type=\"container\" data-e-type=\"container\">\n\t\t<div class=\"elementor-element elementor-element-279963e e-flex e-con-boxed e-con e-child\" data-id=\"279963e\" data-element_type=\"container\" data-e-type=\"container\">\n\t\t\t\t\t<div class=\"e-con-inner\">\n\t\t\t\t<div class=\"elementor-element elementor-element-f1f816a elementor-widget elementor-widget-heading\" data-id=\"f1f816a\" data-element_type=\"widget\" data-e-type=\"widget\" data-widget_type=\"heading.default\">\n\t\t\t\t<div class=\"elementor-widget-container\">\n\t\t\t\t\t<h2 class=\"elementor-heading-title elementor-size-default\">3. Katere vrste pi\u0161kotkov obstajajo?\n<\/h2>\t\t\t\t<\/div>\n\t\t\t\t<\/div>\n\t\t\t\t<div class=\"elementor-element elementor-element-8999c2b elementor-widget elementor-widget-text-editor\" data-id=\"8999c2b\" data-element_type=\"widget\" data-e-type=\"widget\" data-widget_type=\"text-editor.default\">\n\t\t\t\t<div class=\"elementor-widget-container\">\n\t\t\t\t\t\t\t\t\t<p>Na spletnih mestih se lahko uporabljata dve razli\u010dni vrsti pi\u0161kotkov: tako imenovani &#8220;sejni pi\u0161kotki&#8221; in &#8220;trajni pi\u0161kotki&#8221;. Sejni pi\u0161kotki so za\u010dasni pi\u0161kotki, ki ostanejo v va\u0161i napravi, dokler ne zapustite spletnega mesta. Trajni pi\u0161kotek pa ostane v va\u0161i napravi \u0161e dolo\u010den \u010das po tem, ko zapustite spletno mesto, ali dokler ga ro\u010dno ne izbri\u0161ete (kako dolgo bo pi\u0161kotek ostal v va\u0161i napravi, je odvisno od &#8220;\u017eivljenjske dobe&#8221; tega pi\u0161kotka).<\/p>\n\t\t\t\t\t\t\t\t<\/div>\n\t\t\t\t<\/div>\n\t\t\t\t\t<\/div>\n\t\t\t\t<\/div>\n\t\t\t\t<\/div>\n\t\t<div class=\"elementor-element elementor-element-6d1c9e0 e-con-full e-flex e-con e-parent\" data-id=\"6d1c9e0\" data-element_type=\"container\" data-e-type=\"container\">\n\t\t<div class=\"elementor-element elementor-element-06cc691 e-flex e-con-boxed e-con e-child\" data-id=\"06cc691\" data-element_type=\"container\" data-e-type=\"container\">\n\t\t\t\t\t<div class=\"e-con-inner\">\n\t\t\t\t<div class=\"elementor-element elementor-element-88bc6bc elementor-widget elementor-widget-heading\" data-id=\"88bc6bc\" data-element_type=\"widget\" data-e-type=\"widget\" data-widget_type=\"heading.default\">\n\t\t\t\t<div class=\"elementor-widget-container\">\n\t\t\t\t\t<h2 class=\"elementor-heading-title elementor-size-default\">4. Katere vrste pi\u0161kotkov uporabljamo?\n<\/h2>\t\t\t\t<\/div>\n\t\t\t\t<\/div>\n\t\t\t\t<div class=\"elementor-element elementor-element-7c6f61e elementor-widget elementor-widget-text-editor\" data-id=\"7c6f61e\" data-element_type=\"widget\" data-e-type=\"widget\" data-widget_type=\"text-editor.default\">\n\t\t\t\t<div class=\"elementor-widget-container\">\n\t\t\t\t\t\t\t\t\t<p>Spodaj so na\u0161tete razli\u010dne vrste pi\u0161kotkov, ki se lahko uporabljajo, ko obi\u0161\u010dete na\u0161o stran.<\/p>\n<p>Pi\u0161kotki tretjih oseb:<br \/>Uporabljamo tudi razli\u010dne ponudnike storitev, ki lahko za nas v va\u0161o napravo namestijo pi\u0161kotke, ko obi\u0161\u010dete na\u0161a spletna mesta. \u010ce \u017eelite ve\u010d informacij o teh pi\u0161kotkih, se obrnite na nas.<\/p>\n<p>Pi\u0161kotki prve osebe:<br \/>Uporabljamo pi\u0161kotke prve osebe, da vam zagotovimo nemoteno izku\u0161njo obiskovalca. Ti pi\u0161kotki so potrebni za delovanje na\u0161ega spletnega mesta in jih v na\u0161ih sistemih ni mogo\u010de izklopiti.<\/p>\n<p>Svoj brskalnik lahko nastavite tako, da blokira pi\u0161kotke ali prejme obvestilo o njih, vendar v tem primeru morda ne boste mogli v celoti uporabljati na\u0161ega spletnega mesta. Ti pi\u0161kotki ne shranjujejo nobenih osebnih podatkov.<\/p>\n<p>Pregled bistvenih pi\u0161kotkov\/pi\u0161kotkov ponudnikov:<\/p>\n<p>Sejni pi\u0161kotki:<br \/>Ti pi\u0161kotki omogo\u010dajo uporabo funkcije na\u0161e skripte za naro\u010dila. Ko se &#8220;seja&#8221; brskalnika kon\u010da, se vsi shranjeni pi\u0161kotki izbri\u0161ejo.<\/p>\n<p>Pi\u0161kotki za u\u010dinkovitost:<br \/>Pi\u0161kotki za u\u010dinkovitost zbirajo anonimne podatke, ki zagotavljajo informacije o u\u010dinkovitosti na\u0161ega spletnega mesta.<\/p>\n<p>Uporabljamo Google Analytics.<\/p>\n<p>\u017delite ve\u010d informacij o pi\u0161kotkih? Obi\u0161\u010dite spletno stran www.allaboutcookies.org.<\/p>\n\t\t\t\t\t\t\t\t<\/div>\n\t\t\t\t<\/div>\n\t\t\t\t\t<\/div>\n\t\t\t\t<\/div>\n\t\t\t\t<\/div>\n\t\t<div class=\"elementor-element elementor-element-f92da88 e-con-full e-flex e-con e-parent\" data-id=\"f92da88\" data-element_type=\"container\" data-e-type=\"container\">\n\t\t<div class=\"elementor-element elementor-element-dcd451c e-flex e-con-boxed e-con e-child\" data-id=\"dcd451c\" data-element_type=\"container\" data-e-type=\"container\">\n\t\t\t\t\t<div class=\"e-con-inner\">\n\t\t\t\t<div class=\"elementor-element elementor-element-efb0f19 elementor-widget elementor-widget-heading\" data-id=\"efb0f19\" data-element_type=\"widget\" data-e-type=\"widget\" data-widget_type=\"heading.default\">\n\t\t\t\t<div class=\"elementor-widget-container\">\n\t\t\t\t\t<h2 class=\"elementor-heading-title elementor-size-default\">5. Pi\u0161ite nam\n<\/h2>\t\t\t\t<\/div>\n\t\t\t\t<\/div>\n\t\t\t\t<div class=\"elementor-element elementor-element-d45229c elementor-widget elementor-widget-text-editor\" data-id=\"d45229c\" data-element_type=\"widget\" data-e-type=\"widget\" data-widget_type=\"text-editor.default\">\n\t\t\t\t<div class=\"elementor-widget-container\">\n\t\t\t\t\t\t\t\t\t<p>\u010ce imate kakr\u0161na koli vpra\u0161anja o tem pravilniku o pi\u0161kotkih, nam pi\u0161ite na <strong><br \/>\n  <a href=\"mailto:hello@bitewithzest.com\">hello@bitewithzest.com<\/a><br \/>\n<\/strong><\/p>\n<p>Upo\u0161tevajte, da komunikacija prek e-po\u0161te ni vedno varna. Zato nam ob\u010dutljivih podatkov ne po\u0161iljajte po e-po\u0161ti.<\/p>\n\t\t\t\t\t\t\t\t<\/div>\n\t\t\t\t<\/div>\n\t\t\t\t\t<\/div>\n\t\t\t\t<\/div>\n\t\t\t\t<\/div>\n\t\t<div class=\"elementor-element elementor-element-bec689a e-con-full e-flex e-con e-parent\" data-id=\"bec689a\" data-element_type=\"container\" data-e-type=\"container\">\n\t\t<div class=\"elementor-element elementor-element-9b1ebb3 e-flex e-con-boxed e-con e-child\" data-id=\"9b1ebb3\" data-element_type=\"container\" data-e-type=\"container\">\n\t\t\t\t\t<div class=\"e-con-inner\">\n\t\t\t\t<div class=\"elementor-element elementor-element-eda2859 elementor-widget elementor-widget-heading\" data-id=\"eda2859\" data-element_type=\"widget\" data-e-type=\"widget\" data-widget_type=\"heading.default\">\n\t\t\t\t<div class=\"elementor-widget-container\">\n\t\t\t\t\t<h2 class=\"elementor-heading-title elementor-size-default\">6. Koristne povezave\n<\/h2>\t\t\t\t<\/div>\n\t\t\t\t<\/div>\n\t\t\t\t<div class=\"elementor-element elementor-element-85c01fe elementor-widget elementor-widget-text-editor\" data-id=\"85c01fe\" data-element_type=\"widget\" data-e-type=\"widget\" data-widget_type=\"text-editor.default\">\n\t\t\t\t<div class=\"elementor-widget-container\">\n\t\t\t\t\t\t\t\t\t<p>Pomo\u010d za pi\u0161kotke, ki je odvisna od brskalnika:<\/p>\n<p>Internet Explorer &#8211; https:\/\/support.microsoft.com\/en-gb\/topic\/how-to-delete-cookie-files-in-internet-explorer-bca9446f-d873-78de-77ba-d42645fa52fc<br \/>Chrome &#8211; https:\/\/support.google.com\/chrome\/answer\/95647<br \/>Firefox &#8211; https:\/\/support.mozilla.org\/en-US\/kb\/delete-browsing-search-download-history-firefox<br \/>Opera &#8211; https:\/\/www.opera.com\/help\/tutorials\/security\/cookies\/<br \/>Safari &#8211; https:\/\/support.apple.com\/en-gb\/guide\/safari\/sfri11471\/mac<\/p>\n\t\t\t\t\t\t\t\t<\/div>\n\t\t\t\t<\/div>\n\t\t\t\t\t<\/div>\n\t\t\t\t<\/div>\n\t\t\t\t<\/div>\n\t\t\t\t<\/div>\n\t\t","protected":false},"excerpt":{"rendered":"<p>Pi\u0161kotki Politika 1. Kaj je pi\u0161kotek? Pi\u0161kotki so majhne besedilne datoteke, ki se prenesejo v va\u0161 ra\u010dunalnik ali mobilno napravo [&hellip;]<\/p>\n","protected":false},"author":2,"featured_media":0,"parent":0,"menu_order":0,"comment_status":"closed","ping_status":"closed","template":"","meta":{"site-sidebar-layout":"no-sidebar","site-content-layout":"","ast-site-content-layout":"full-width-container","site-content-style":"default","site-sidebar-style":"default","ast-global-header-display":"","ast-banner-title-visibility":"","ast-main-header-display":"","ast-hfb-above-header-display":"","ast-hfb-below-header-display":"","ast-hfb-mobile-header-display":"","site-post-title":"disabled","ast-breadcrumbs-content":"","ast-featured-img":"disabled","footer-sml-layout":"","theme-transparent-header-meta":"","adv-header-id-meta":"","stick-header-meta":"","header-above-stick-meta":"","header-main-stick-meta":"","header-below-stick-meta":"","astra-migrate-meta-layouts":"default","ast-page-background-enabled":"default","ast-page-background-meta":{"desktop":{"background-color":"var(--ast-global-color-4)","background-image":"","background-repeat":"repeat","background-position":"center center","background-size":"auto","background-attachment":"scroll","background-type":"","background-media":"","overlay-type":"","overlay-color":"","overlay-gradient":""},"tablet":{"background-color":"","background-image":"","background-repeat":"repeat","background-position":"center center","background-size":"auto","background-attachment":"scroll","background-type":"","background-media":"","overlay-type":"","overlay-color":"","overlay-gradient":""},"mobile":{"background-color":"","background-image":"","background-repeat":"repeat","background-position":"center center","background-size":"auto","background-attachment":"scroll","background-type":"","background-media":"","overlay-type":"","overlay-color":"","overlay-gradient":""}},"ast-content-background-meta":{"desktop":{"background-color":"var(--ast-global-color-5)","background-image":"","background-repeat":"repeat","background-position":"center center","background-size":"auto","background-attachment":"scroll","background-type":"","background-media":"","overlay-type":"","overlay-color":"","overlay-gradient":""},"tablet":{"background-color":"var(--ast-global-color-5)","background-image":"","background-repeat":"repeat","background-position":"center center","background-size":"auto","background-attachment":"scroll","background-type":"","background-media":"","overlay-type":"","overlay-color":"","overlay-gradient":""},"mobile":{"background-color":"var(--ast-global-color-5)","background-image":"","background-repeat":"repeat","background-position":"center center","background-size":"auto","background-attachment":"scroll","background-type":"","background-media":"","overlay-type":"","overlay-color":"","overlay-gradient":""}},"footnotes":""},"class_list":["post-6963","page","type-page","status-publish","hentry"],"_links":{"self":[{"href":"https:\/\/bitewithzest.com\/sl\/wp-json\/wp\/v2\/pages\/6963","targetHints":{"allow":["GET"]}}],"collection":[{"href":"https:\/\/bitewithzest.com\/sl\/wp-json\/wp\/v2\/pages"}],"about":[{"href":"https:\/\/bitewithzest.com\/sl\/wp-json\/wp\/v2\/types\/page"}],"author":[{"embeddable":true,"href":"https:\/\/bitewithzest.com\/sl\/wp-json\/wp\/v2\/users\/2"}],"replies":[{"embeddable":true,"href":"https:\/\/bitewithzest.com\/sl\/wp-json\/wp\/v2\/comments?post=6963"}],"version-history":[{"count":2,"href":"https:\/\/bitewithzest.com\/sl\/wp-json\/wp\/v2\/pages\/6963\/revisions"}],"predecessor-version":[{"id":7764,"href":"https:\/\/bitewithzest.com\/sl\/wp-json\/wp\/v2\/pages\/6963\/revisions\/7764"}],"wp:attachment":[{"href":"https:\/\/bitewithzest.com\/sl\/wp-json\/wp\/v2\/media?parent=6963"}],"curies":[{"name":"wp","href":"https:\/\/api.w.org\/{rel}","templated":true}]}}