{"id":6928,"date":"2024-04-15T23:06:56","date_gmt":"2024-04-15T23:06:56","guid":{"rendered":"https:\/\/mxf.bnu.mybluehost.me\/website_ca2667c8\/httpdocs\/nas-planet\/"},"modified":"2024-08-04T21:11:26","modified_gmt":"2024-08-04T21:11:26","slug":"nas-planet","status":"publish","type":"page","link":"https:\/\/bitewithzest.com\/sl\/nas-planet\/","title":{"rendered":"Na\u0161 planet"},"content":{"rendered":"\t\t<div data-elementor-type=\"wp-page\" data-elementor-id=\"6928\" class=\"elementor elementor-6928 elementor-111\" data-elementor-post-type=\"page\">\n\t\t\t\t<div class=\"elementor-element elementor-element-df1176a e-flex e-con-boxed e-con e-parent\" data-id=\"df1176a\" data-element_type=\"container\" data-e-type=\"container\">\n\t\t\t\t\t<div class=\"e-con-inner\">\n\t\t\t\t\t<\/div>\n\t\t\t\t<\/div>\n\t\t<div class=\"elementor-element elementor-element-6260972 e-flex e-con-boxed e-con e-parent\" data-id=\"6260972\" data-element_type=\"container\" data-e-type=\"container\">\n\t\t\t\t\t<div class=\"e-con-inner\">\n\t\t<div class=\"elementor-element elementor-element-5bdacf2 e-con-full e-flex e-con e-child\" data-id=\"5bdacf2\" data-element_type=\"container\" data-e-type=\"container\" data-settings=\"{&quot;background_background&quot;:&quot;classic&quot;}\">\n\t\t\t\t<div class=\"elementor-element elementor-element-3361fc1 elementor-widget elementor-widget-heading\" data-id=\"3361fc1\" data-element_type=\"widget\" data-e-type=\"widget\" data-widget_type=\"heading.default\">\n\t\t\t\t<div class=\"elementor-widget-container\">\n\t\t\t\t\t<h2 class=\"elementor-heading-title elementor-size-default\">Na\u0161<\/h2>\t\t\t\t<\/div>\n\t\t\t\t<\/div>\n\t\t\t\t<div class=\"elementor-element elementor-element-3ed6a0a elementor-widget elementor-widget-heading\" data-id=\"3ed6a0a\" data-element_type=\"widget\" data-e-type=\"widget\" data-widget_type=\"heading.default\">\n\t\t\t\t<div class=\"elementor-widget-container\">\n\t\t\t\t\t<h2 class=\"elementor-heading-title elementor-size-default\">planet<\/h2>\t\t\t\t<\/div>\n\t\t\t\t<\/div>\n\t\t<div class=\"elementor-element elementor-element-c9a416f e-con-full e-flex e-con e-child\" data-id=\"c9a416f\" data-element_type=\"container\" data-e-type=\"container\">\n\t\t\t\t<div class=\"elementor-element elementor-element-e114e0e pstimg premium-blog-align-left elementor-widget elementor-widget-premium-addon-blog\" data-id=\"e114e0e\" data-element_type=\"widget\" data-e-type=\"widget\" data-settings=\"{&quot;premium_blog_columns_number&quot;:&quot;33.33%&quot;,&quot;premium_blog_columns_number_laptop&quot;:&quot;33.33%&quot;,&quot;premium_blog_grid&quot;:&quot;yes&quot;,&quot;premium_blog_layout&quot;:&quot;even&quot;,&quot;premium_blog_columns_number_tablet&quot;:&quot;50%&quot;,&quot;premium_blog_columns_number_mobile&quot;:&quot;100%&quot;,&quot;scroll_to_offset&quot;:&quot;yes&quot;}\" data-widget_type=\"premium-addon-blog.default\">\n\t\t\t\t<div class=\"elementor-widget-container\">\n\t\t\t\t\t\r\n\t\t\r\n\r\n\t\t\t\t<div class=\"premium-blog-wrap  premium-blog-even\" data-page=\"6928\">\r\n\t\t\t\t\t\t\t\t\t<div class=\"premium-blog-post-outer-container\" data-total=\"1\">\r\n\t\t\t<div class=\"premium-blog-post-container premium-blog-skin-classic\">\r\n\t\t\t\t\t\t\t\t\t<div class=\"premium-blog-thumb-effect-wrapper\">\r\n\t\t\t\t\t\t<div class=\"premium-blog-thumbnail-container premium-blog-none-effect\">\r\n\t\t\t\t\t\t\t<img fetchpriority=\"high\" decoding=\"async\" width=\"1140\" height=\"855\" src=\"https:\/\/bitewithzest.com\/wp-content\/uploads\/2024\/04\/post_opener41.jpg\" class=\"attachment-full size-full wp-image-6523\" alt=\"\" srcset=\"https:\/\/bitewithzest.com\/wp-content\/uploads\/2024\/04\/post_opener41.jpg 1140w, https:\/\/bitewithzest.com\/wp-content\/uploads\/2024\/04\/post_opener41-300x225.jpg 300w, https:\/\/bitewithzest.com\/wp-content\/uploads\/2024\/04\/post_opener41-1024x768.jpg 1024w, https:\/\/bitewithzest.com\/wp-content\/uploads\/2024\/04\/post_opener41-768x576.jpg 768w, https:\/\/bitewithzest.com\/wp-content\/uploads\/2024\/04\/post_opener41-16x12.jpg 16w, https:\/\/bitewithzest.com\/wp-content\/uploads\/2024\/04\/post_opener41-600x450.jpg 600w\" sizes=\"(max-width: 1140px) 100vw, 1140px\" \/>\t\t\t\t\t\t<\/div>\r\n\t\t\t\t\t\t\t\t\t\t\t\t\t<div class=\"premium-blog-thumbnail-overlay\">\r\n\t\t\t\t\t\t\t\t<a class=\"elementor-icon\" href=\"https:\/\/bitewithzest.com\/sl\/zivljenjska-doba-zivali-v-zivinoreji\/\" target=\"_self\"><\/a>\r\n\t\t\t\t\t\t\t<\/div>\r\n\r\n\t\t\t\t\t\t\t\t\t\t\t\t\t\t\t\t\t\t<\/div>\r\n\t\t\t\t\t\t\t\t\t\t\t\t<div class=\"premium-blog-content-wrapper \">\r\n\r\n\t\t\t\t\t<div class=\"premium-blog-inner-container\">\r\n\r\n\t\t\t\t\t\t\t\t\t\t\t\t\t\t<h2 class=\"premium-blog-entry-title\">\r\n\t\t\t<a href=\"https:\/\/bitewithzest.com\/sl\/zivljenjska-doba-zivali-v-zivinoreji\/\" target=\"_self\">\r\n\t\t\t\t\u017divljenjska doba \u017eivali v \u017eivinoreji\t\t\t<\/a>\r\n\t\t<\/h2>\r\n\t\t\t\t<div class=\"premium-blog-entry-meta\">\r\n\t\t\t\r\n\t\t\t\r\n\t\t\t\r\n\t\t\t\t\t<\/div>\r\n\t\t\r\n\t\t\t\t\t<\/div>\r\n\r\n\t\t\t\t\t\t\t<div class=\"premium-blog-content-inner-wrapper\">\r\n\t\t<p class=\"premium-blog-post-content\"><strong style=\"color:#00ACB3\">PRI\u010cAKOVANA \u017dIVLJENJSKA DOBA.<\/strong><br>\nKoliko bi bila stara krava, pra\u0161i\u010d ali koko\u0161, \u010de \u017eivali ne bi zaklali? \u010ce ste....<\/p>\t\t<\/div>\r\n\t\t\t\t\t\t\t\r\n\t\t\t\t<\/div>\r\n\t\t\t<\/div>\r\n\t\t<\/div>\r\n\r\n\t\t\t\t<div class=\"premium-blog-post-outer-container\" data-total=\"1\">\r\n\t\t\t<div class=\"premium-blog-post-container premium-blog-skin-classic\">\r\n\t\t\t\t\t\t\t\t\t<div class=\"premium-blog-thumb-effect-wrapper\">\r\n\t\t\t\t\t\t<div class=\"premium-blog-thumbnail-container premium-blog-none-effect\">\r\n\t\t\t\t\t\t\t<img decoding=\"async\" width=\"1000\" height=\"667\" src=\"https:\/\/bitewithzest.com\/wp-content\/uploads\/2024\/04\/post_opener31.jpg\" class=\"attachment-full size-full wp-image-6521\" alt=\"\" srcset=\"https:\/\/bitewithzest.com\/wp-content\/uploads\/2024\/04\/post_opener31.jpg 1000w, https:\/\/bitewithzest.com\/wp-content\/uploads\/2024\/04\/post_opener31-300x200.jpg 300w, https:\/\/bitewithzest.com\/wp-content\/uploads\/2024\/04\/post_opener31-768x512.jpg 768w, https:\/\/bitewithzest.com\/wp-content\/uploads\/2024\/04\/post_opener31-18x12.jpg 18w, https:\/\/bitewithzest.com\/wp-content\/uploads\/2024\/04\/post_opener31-600x400.jpg 600w\" sizes=\"(max-width: 1000px) 100vw, 1000px\" \/>\t\t\t\t\t\t<\/div>\r\n\t\t\t\t\t\t\t\t\t\t\t\t\t<div class=\"premium-blog-thumbnail-overlay\">\r\n\t\t\t\t\t\t\t\t<a class=\"elementor-icon\" href=\"https:\/\/bitewithzest.com\/sl\/kaj-imata-skupnega-hobotnica-in-stevilka-3\/\" target=\"_self\"><\/a>\r\n\t\t\t\t\t\t\t<\/div>\r\n\r\n\t\t\t\t\t\t\t\t\t\t\t\t\t\t\t\t\t\t<\/div>\r\n\t\t\t\t\t\t\t\t\t\t\t\t<div class=\"premium-blog-content-wrapper \">\r\n\r\n\t\t\t\t\t<div class=\"premium-blog-inner-container\">\r\n\r\n\t\t\t\t\t\t\t\t\t\t\t\t\t\t<h2 class=\"premium-blog-entry-title\">\r\n\t\t\t<a href=\"https:\/\/bitewithzest.com\/sl\/kaj-imata-skupnega-hobotnica-in-stevilka-3\/\" target=\"_self\">\r\n\t\t\t\tKaj imata skupnega hobotnica in \u0161tevilka 3?\t\t\t<\/a>\r\n\t\t<\/h2>\r\n\t\t\t\t<div class=\"premium-blog-entry-meta\">\r\n\t\t\t\r\n\t\t\t\r\n\t\t\t\r\n\t\t\t\t\t<\/div>\r\n\t\t\r\n\t\t\t\t\t<\/div>\r\n\r\n\t\t\t\t\t\t\t<div class=\"premium-blog-content-inner-wrapper\">\r\n\t\t<p class=\"premium-blog-post-content\"><strong style=\"color:#00ACB3\">PO\u0160ASTI IZ GLOBIN?  <\/strong><br>\nHobotnice so veliko ve\u010d kot morske \u017eivali z zaobljenim telesom, izbuljenimi o\u010dmi in osmimi dolgimi rokami...<\/p>\t\t<\/div>\r\n\t\t\t\t\t\t\t\r\n\t\t\t\t<\/div>\r\n\t\t\t<\/div>\r\n\t\t<\/div>\r\n\r\n\t\t\t\t<div class=\"premium-blog-post-outer-container\" data-total=\"1\">\r\n\t\t\t<div class=\"premium-blog-post-container premium-blog-skin-classic\">\r\n\t\t\t\t\t\t\t\t\t<div class=\"premium-blog-thumb-effect-wrapper\">\r\n\t\t\t\t\t\t<div class=\"premium-blog-thumbnail-container premium-blog-none-effect\">\r\n\t\t\t\t\t\t\t<img decoding=\"async\" width=\"1140\" height=\"855\" src=\"https:\/\/bitewithzest.com\/wp-content\/uploads\/2024\/04\/post_opener42.jpg\" class=\"attachment-full size-full wp-image-6517\" alt=\"\" srcset=\"https:\/\/bitewithzest.com\/wp-content\/uploads\/2024\/04\/post_opener42.jpg 1140w, https:\/\/bitewithzest.com\/wp-content\/uploads\/2024\/04\/post_opener42-300x225.jpg 300w, https:\/\/bitewithzest.com\/wp-content\/uploads\/2024\/04\/post_opener42-1024x768.jpg 1024w, https:\/\/bitewithzest.com\/wp-content\/uploads\/2024\/04\/post_opener42-768x576.jpg 768w, https:\/\/bitewithzest.com\/wp-content\/uploads\/2024\/04\/post_opener42-16x12.jpg 16w, https:\/\/bitewithzest.com\/wp-content\/uploads\/2024\/04\/post_opener42-600x450.jpg 600w\" sizes=\"(max-width: 1140px) 100vw, 1140px\" \/>\t\t\t\t\t\t<\/div>\r\n\t\t\t\t\t\t\t\t\t\t\t\t\t<div class=\"premium-blog-thumbnail-overlay\">\r\n\t\t\t\t\t\t\t\t<a class=\"elementor-icon\" href=\"https:\/\/bitewithzest.com\/sl\/rastlinski-nacin-zivljenja-za-zivali\/\" target=\"_self\"><\/a>\r\n\t\t\t\t\t\t\t<\/div>\r\n\r\n\t\t\t\t\t\t\t\t\t\t\t\t\t\t\t\t\t\t<\/div>\r\n\t\t\t\t\t\t\t\t\t\t\t\t<div class=\"premium-blog-content-wrapper \">\r\n\r\n\t\t\t\t\t<div class=\"premium-blog-inner-container\">\r\n\r\n\t\t\t\t\t\t\t\t\t\t\t\t\t\t<h2 class=\"premium-blog-entry-title\">\r\n\t\t\t<a href=\"https:\/\/bitewithzest.com\/sl\/rastlinski-nacin-zivljenja-za-zivali\/\" target=\"_self\">\r\n\t\t\t\tRastlinski na\u010din \u017eivljenja za \u017eivali\t\t\t<\/a>\r\n\t\t<\/h2>\r\n\t\t\t\t<div class=\"premium-blog-entry-meta\">\r\n\t\t\t\r\n\t\t\t\r\n\t\t\t\r\n\t\t\t\t\t<\/div>\r\n\t\t\r\n\t\t\t\t\t<\/div>\r\n\r\n\t\t\t\t\t\t\t<div class=\"premium-blog-content-inner-wrapper\">\r\n\t\t<p class=\"premium-blog-post-content\"><strong style=\"color:#00ACB3\">VELIK ALI MAJHEN.  <\/strong><br>Ne glede na to, za katero \u017eival gre, si veganstvo prizadeva zmanj\u0161ati trpljenje \u017eivali in se zavzema za bolj so\u010dutno...<\/p>\t\t<\/div>\r\n\t\t\t\t\t\t\t\r\n\t\t\t\t<\/div>\r\n\t\t\t<\/div>\r\n\t\t<\/div>\r\n\r\n\t\t\t\t<div class=\"premium-blog-post-outer-container\" data-total=\"1\">\r\n\t\t\t<div class=\"premium-blog-post-container premium-blog-skin-classic\">\r\n\t\t\t\t\t\t\t\t\t<div class=\"premium-blog-thumb-effect-wrapper\">\r\n\t\t\t\t\t\t<div class=\"premium-blog-thumbnail-container premium-blog-none-effect\">\r\n\t\t\t\t\t\t\t<img loading=\"lazy\" decoding=\"async\" width=\"660\" height=\"440\" src=\"https:\/\/bitewithzest.com\/wp-content\/uploads\/2024\/04\/post_thumb14.jpg\" class=\"attachment-full size-full wp-image-6407\" alt=\"\" srcset=\"https:\/\/bitewithzest.com\/wp-content\/uploads\/2024\/04\/post_thumb14.jpg 660w, https:\/\/bitewithzest.com\/wp-content\/uploads\/2024\/04\/post_thumb14-300x200.jpg 300w, https:\/\/bitewithzest.com\/wp-content\/uploads\/2024\/04\/post_thumb14-18x12.jpg 18w, https:\/\/bitewithzest.com\/wp-content\/uploads\/2024\/04\/post_thumb14-600x400.jpg 600w\" sizes=\"(max-width: 660px) 100vw, 660px\" \/>\t\t\t\t\t\t<\/div>\r\n\t\t\t\t\t\t\t\t\t\t\t\t\t<div class=\"premium-blog-thumbnail-overlay\">\r\n\t\t\t\t\t\t\t\t<a class=\"elementor-icon\" href=\"https:\/\/bitewithzest.com\/sl\/zakaj-vegani-ne-jedo-medu\/\" target=\"_self\"><\/a>\r\n\t\t\t\t\t\t\t<\/div>\r\n\r\n\t\t\t\t\t\t\t\t\t\t\t\t\t\t\t\t\t\t<\/div>\r\n\t\t\t\t\t\t\t\t\t\t\t\t<div class=\"premium-blog-content-wrapper \">\r\n\r\n\t\t\t\t\t<div class=\"premium-blog-inner-container\">\r\n\r\n\t\t\t\t\t\t\t\t\t\t\t\t\t\t<h2 class=\"premium-blog-entry-title\">\r\n\t\t\t<a href=\"https:\/\/bitewithzest.com\/sl\/zakaj-vegani-ne-jedo-medu\/\" target=\"_self\">\r\n\t\t\t\tZakaj vegani ne jedo medu?\t\t\t<\/a>\r\n\t\t<\/h2>\r\n\t\t\t\t<div class=\"premium-blog-entry-meta\">\r\n\t\t\t\r\n\t\t\t\r\n\t\t\t\r\n\t\t\t\t\t<\/div>\r\n\t\t\r\n\t\t\t\t\t<\/div>\r\n\r\n\t\t\t\t\t\t\t<div class=\"premium-blog-content-inner-wrapper\">\r\n\t\t<p class=\"premium-blog-post-content\"><strong style=\"color:#00ACB3\">MED ALI NE MED?  <\/strong><br>\nTo je eno od pogostih vpra\u0161anj, ki jih zastavljajo veganom. Znano je, kak\u0161ne koristne lastnosti ima med, vendar...<\/p>\t\t<\/div>\r\n\t\t\t\t\t\t\t\r\n\t\t\t\t<\/div>\r\n\t\t\t<\/div>\r\n\t\t<\/div>\r\n\r\n\t\t\t\t\t\t\t<\/div>\r\n\r\n\t\t\r\n\t\t\r\n\t\t\t\t\t\t<\/div>\n\t\t\t\t<\/div>\n\t\t\t\t<\/div>\n\t\t\t\t<div class=\"elementor-element elementor-element-f86afa1 elementor-absolute elementor-widget__width-auto elementor-widget elementor-widget-image\" data-id=\"f86afa1\" data-element_type=\"widget\" data-e-type=\"widget\" data-settings=\"{&quot;_position&quot;:&quot;absolute&quot;}\" data-widget_type=\"image.default\">\n\t\t\t\t<div class=\"elementor-widget-container\">\n\t\t\t\t\t\t\t\t\t\t\t\t\t\t\t<img loading=\"lazy\" decoding=\"async\" width=\"789\" height=\"507\" src=\"https:\/\/bitewithzest.com\/wp-content\/uploads\/2024\/04\/basil-10-2.png\" class=\"attachment-large size-large wp-image-6395\" alt=\"\" srcset=\"https:\/\/bitewithzest.com\/wp-content\/uploads\/2024\/04\/basil-10-2.png 789w, https:\/\/bitewithzest.com\/wp-content\/uploads\/2024\/04\/basil-10-2-300x193.png 300w, https:\/\/bitewithzest.com\/wp-content\/uploads\/2024\/04\/basil-10-2-768x494.png 768w, https:\/\/bitewithzest.com\/wp-content\/uploads\/2024\/04\/basil-10-2-18x12.png 18w, https:\/\/bitewithzest.com\/wp-content\/uploads\/2024\/04\/basil-10-2-600x386.png 600w\" sizes=\"(max-width: 789px) 100vw, 789px\" \/>\t\t\t\t\t\t\t\t\t\t\t\t\t\t\t<\/div>\n\t\t\t\t<\/div>\n\t\t\t\t<\/div>\n\t\t\t\t\t<\/div>\n\t\t\t\t<\/div>\n\t\t\t\t<\/div>\n\t\t","protected":false},"excerpt":{"rendered":"<p>Na\u0161 planet Lifespan of animals in animal industry Lifespan of animals in animal industry LIFE EXPECTANCY. How old would a [&hellip;]<\/p>\n","protected":false},"author":2,"featured_media":0,"parent":0,"menu_order":0,"comment_status":"closed","ping_status":"closed","template":"","meta":{"site-sidebar-layout":"no-sidebar","site-content-layout":"","ast-site-content-layout":"full-width-container","site-content-style":"default","site-sidebar-style":"default","ast-global-header-display":"","ast-banner-title-visibility":"","ast-main-header-display":"","ast-hfb-above-header-display":"","ast-hfb-below-header-display":"","ast-hfb-mobile-header-display":"","site-post-title":"disabled","ast-breadcrumbs-content":"","ast-featured-img":"disabled","footer-sml-layout":"","theme-transparent-header-meta":"","adv-header-id-meta":"","stick-header-meta":"","header-above-stick-meta":"","header-main-stick-meta":"","header-below-stick-meta":"","astra-migrate-meta-layouts":"default","ast-page-background-enabled":"default","ast-page-background-meta":{"desktop":{"background-color":"var(--ast-global-color-4)","background-image":"","background-repeat":"repeat","background-position":"center center","background-size":"auto","background-attachment":"scroll","background-type":"","background-media":"","overlay-type":"","overlay-color":"","overlay-gradient":""},"tablet":{"background-color":"","background-image":"","background-repeat":"repeat","background-position":"center center","background-size":"auto","background-attachment":"scroll","background-type":"","background-media":"","overlay-type":"","overlay-color":"","overlay-gradient":""},"mobile":{"background-color":"","background-image":"","background-repeat":"repeat","background-position":"center center","background-size":"auto","background-attachment":"scroll","background-type":"","background-media":"","overlay-type":"","overlay-color":"","overlay-gradient":""}},"ast-content-background-meta":{"desktop":{"background-color":"var(--ast-global-color-5)","background-image":"","background-repeat":"repeat","background-position":"center center","background-size":"auto","background-attachment":"scroll","background-type":"","background-media":"","overlay-type":"","overlay-color":"","overlay-gradient":""},"tablet":{"background-color":"var(--ast-global-color-5)","background-image":"","background-repeat":"repeat","background-position":"center center","background-size":"auto","background-attachment":"scroll","background-type":"","background-media":"","overlay-type":"","overlay-color":"","overlay-gradient":""},"mobile":{"background-color":"var(--ast-global-color-5)","background-image":"","background-repeat":"repeat","background-position":"center center","background-size":"auto","background-attachment":"scroll","background-type":"","background-media":"","overlay-type":"","overlay-color":"","overlay-gradient":""}},"footnotes":""},"class_list":["post-6928","page","type-page","status-publish","hentry"],"_links":{"self":[{"href":"https:\/\/bitewithzest.com\/sl\/wp-json\/wp\/v2\/pages\/6928","targetHints":{"allow":["GET"]}}],"collection":[{"href":"https:\/\/bitewithzest.com\/sl\/wp-json\/wp\/v2\/pages"}],"about":[{"href":"https:\/\/bitewithzest.com\/sl\/wp-json\/wp\/v2\/types\/page"}],"author":[{"embeddable":true,"href":"https:\/\/bitewithzest.com\/sl\/wp-json\/wp\/v2\/users\/2"}],"replies":[{"embeddable":true,"href":"https:\/\/bitewithzest.com\/sl\/wp-json\/wp\/v2\/comments?post=6928"}],"version-history":[{"count":3,"href":"https:\/\/bitewithzest.com\/sl\/wp-json\/wp\/v2\/pages\/6928\/revisions"}],"predecessor-version":[{"id":10993,"href":"https:\/\/bitewithzest.com\/sl\/wp-json\/wp\/v2\/pages\/6928\/revisions\/10993"}],"wp:attachment":[{"href":"https:\/\/bitewithzest.com\/sl\/wp-json\/wp\/v2\/media?parent=6928"}],"curies":[{"name":"wp","href":"https:\/\/api.w.org\/{rel}","templated":true}]}}