{"id":9961,"date":"2024-08-02T10:53:14","date_gmt":"2024-08-02T10:53:14","guid":{"rendered":"https:\/\/mxf.bnu.mybluehost.me\/website_ca2667c8\/?page_id=9961"},"modified":"2024-08-02T11:21:28","modified_gmt":"2024-08-02T11:21:28","slug":"recipes","status":"publish","type":"page","link":"https:\/\/bitewithzest.com\/de\/recipes\/","title":{"rendered":"Rezepte"},"content":{"rendered":"\t\t<div data-elementor-type=\"wp-page\" data-elementor-id=\"9961\" class=\"elementor elementor-9961 elementor-9960\" data-elementor-post-type=\"page\">\n\t\t\t\t<div class=\"elementor-element elementor-element-19102f2 e-flex e-con-boxed e-con e-parent\" data-id=\"19102f2\" data-element_type=\"container\" data-e-type=\"container\">\n\t\t\t\t\t<div class=\"e-con-inner\">\n\t\t\t\t\t<\/div>\n\t\t\t\t<\/div>\n\t\t<div class=\"elementor-element elementor-element-beee2e8 e-flex e-con-boxed e-con e-parent\" data-id=\"beee2e8\" data-element_type=\"container\" data-e-type=\"container\">\n\t\t\t\t\t<div class=\"e-con-inner\">\n\t\t<div class=\"elementor-element elementor-element-0e8fb80 e-con-full e-flex e-con e-child\" data-id=\"0e8fb80\" data-element_type=\"container\" data-e-type=\"container\" data-settings=\"{&quot;background_background&quot;:&quot;classic&quot;}\">\n\t\t\t\t<div class=\"elementor-element elementor-element-92f3c44 elementor-widget elementor-widget-heading\" data-id=\"92f3c44\" data-element_type=\"widget\" data-e-type=\"widget\" data-widget_type=\"heading.default\">\n\t\t\t\t<div class=\"elementor-widget-container\">\n\t\t\t\t\t<h2 class=\"elementor-heading-title elementor-size-default\">Pflanzliche<\/h2>\t\t\t\t<\/div>\n\t\t\t\t<\/div>\n\t\t\t\t<div class=\"elementor-element elementor-element-6b5d0be elementor-widget elementor-widget-heading\" data-id=\"6b5d0be\" data-element_type=\"widget\" data-e-type=\"widget\" data-widget_type=\"heading.default\">\n\t\t\t\t<div class=\"elementor-widget-container\">\n\t\t\t\t\t<h2 class=\"elementor-heading-title elementor-size-default\">Rezeptideen<\/h2>\t\t\t\t<\/div>\n\t\t\t\t<\/div>\n\t\t\t\t<div class=\"elementor-element elementor-element-6f31cc0b pstimg premium-blog-align-left elementor-widget elementor-widget-premium-addon-blog\" data-id=\"6f31cc0b\" data-element_type=\"widget\" data-e-type=\"widget\" data-settings=\"{&quot;premium_blog_columns_number&quot;:&quot;33.33%&quot;,&quot;premium_blog_columns_number_laptop&quot;:&quot;33.33%&quot;,&quot;premium_blog_grid&quot;:&quot;yes&quot;,&quot;premium_blog_layout&quot;:&quot;even&quot;,&quot;premium_blog_columns_number_tablet&quot;:&quot;50%&quot;,&quot;premium_blog_columns_number_mobile&quot;:&quot;100%&quot;,&quot;scroll_to_offset&quot;:&quot;yes&quot;}\" data-widget_type=\"premium-addon-blog.default\">\n\t\t\t\t<div class=\"elementor-widget-container\">\n\t\t\t\t\t\r\n\t\t\r\n\r\n\t\t\t\t<div class=\"premium-blog-wrap  premium-blog-even\" data-page=\"9961\" data-pagination=\"true\">\r\n\t\t\t\t\t\t\t\t\t<div class=\"premium-blog-post-outer-container\" data-total=\"6\">\r\n\t\t\t<div class=\"premium-blog-post-container premium-blog-skin-classic\">\r\n\t\t\t\t\t\t\t\t\t<div class=\"premium-blog-thumb-effect-wrapper\">\r\n\t\t\t\t\t\t<div class=\"premium-blog-thumbnail-container premium-blog-none-effect\">\r\n\t\t\t\t\t\t\t<img fetchpriority=\"high\" decoding=\"async\" width=\"1179\" height=\"1572\" src=\"https:\/\/bitewithzest.com\/wp-content\/uploads\/2025\/05\/IMG_4523.jpg\" class=\"attachment-full size-full wp-image-11893\" alt=\"\" srcset=\"https:\/\/bitewithzest.com\/wp-content\/uploads\/2025\/05\/IMG_4523.jpg 1179w, https:\/\/bitewithzest.com\/wp-content\/uploads\/2025\/05\/IMG_4523-225x300.jpg 225w, https:\/\/bitewithzest.com\/wp-content\/uploads\/2025\/05\/IMG_4523-768x1024.jpg 768w, https:\/\/bitewithzest.com\/wp-content\/uploads\/2025\/05\/IMG_4523-1152x1536.jpg 1152w\" sizes=\"(max-width: 1179px) 100vw, 1179px\" \/>\t\t\t\t\t\t<\/div>\r\n\t\t\t\t\t\t\t\t\t\t\t\t\t<div class=\"premium-blog-thumbnail-overlay\">\r\n\t\t\t\t\t\t\t\t<a class=\"elementor-icon\" href=\"https:\/\/bitewithzest.com\/de\/veganer-barbecue-quinoa-wrap\/\" target=\"_self\"><\/a>\r\n\t\t\t\t\t\t\t<\/div>\r\n\r\n\t\t\t\t\t\t\t\t\t\t\t\t\t\t\t\t\t\t<\/div>\r\n\t\t\t\t\t\t\t\t\t\t\t\t<div class=\"premium-blog-content-wrapper \">\r\n\r\n\t\t\t\t\t<div class=\"premium-blog-inner-container\">\r\n\r\n\t\t\t\t\t\t\t\t\t\t\t\t\t\t<h2 class=\"premium-blog-entry-title\">\r\n\t\t\t<a href=\"https:\/\/bitewithzest.com\/de\/veganer-barbecue-quinoa-wrap\/\" target=\"_self\">\r\n\t\t\t\tVeganer gegrillter Quinoa Wrap\t\t\t<\/a>\r\n\t\t<\/h2>\r\n\t\t\t\t<div class=\"premium-blog-entry-meta\">\r\n\t\t\t\r\n\t\t\t\r\n\t\t\t\r\n\t\t\t\t\t<\/div>\r\n\t\t\r\n\t\t\t\t\t<\/div>\r\n\r\n\t\t\t\t\t\t\t<div class=\"premium-blog-content-inner-wrapper\">\r\n\t\t<p class=\"premium-blog-post-content\"><p id=\"recstyle\"><strong><img decoding=\"async\" alt=\"\" src=\"https:\/\/mxf.bnu.mybluehost.me\/website_ca2667c8\/wp-content\/uploads\/2024\/04\/web_icons1_2_n9OvexT.png\" style=\"height:25px;margin:0px 5px;width:25px\">Zubereitung<\/strong>: 20 min<br><strong><img decoding=\"async\" alt=\"\" src=\"https:\/\/mxf.bnu.mybluehost.me\/website_ca2667c8\/wp-content\/uploads\/2024\/04\/web_icons4_2.png\" style=\"height:25px;margin:0px 5px;width:25px\">Grillen:<\/strong> 40 min<br><strong><img decoding=\"async\" alt=\"\" src=\"https:\/\/mxf.bnu.mybluehost.me\/website_ca2667c8\/wp-content\/uploads\/2024\/04\/web_icons5_Y10yzSr.png\" style=\"height:25px;margin:0px 5px;width:25px\">Schwierigkeitsgrad<\/strong>: einfach<br><strong><img decoding=\"async\" alt=\"\" src=\"https:\/\/mxf.bnu.mybluehost.me\/website_ca2667c8\/wp-content\/uploads\/2024\/04\/web_icons6_3r6GaMh.png\" style=\"height:25px;margin:0px 5px;width:25px\">Portionen<\/strong>: 4 Personen<\/p>\n          \n\n          \n\n          <span style=\"font-family:\">\n            <em>vegan, milchfrei<\/em>\n          <\/span><\/p>\t\t<\/div>\r\n\t\t\t\t\t\t\t\r\n\t\t\t\t<\/div>\r\n\t\t\t<\/div>\r\n\t\t<\/div>\r\n\r\n\t\t\t\t<div class=\"premium-blog-post-outer-container\" data-total=\"6\">\r\n\t\t\t<div class=\"premium-blog-post-container premium-blog-skin-classic\">\r\n\t\t\t\t\t\t\t\t\t<div class=\"premium-blog-thumb-effect-wrapper\">\r\n\t\t\t\t\t\t<div class=\"premium-blog-thumbnail-container premium-blog-none-effect\">\r\n\t\t\t\t\t\t\t<img decoding=\"async\" width=\"1535\" height=\"2048\" src=\"https:\/\/bitewithzest.com\/wp-content\/uploads\/2025\/04\/114_4160_c_Jelena_Cvetkovic_S-scaled.jpg\" class=\"attachment-full size-full wp-image-11783\" alt=\"\" srcset=\"https:\/\/bitewithzest.com\/wp-content\/uploads\/2025\/04\/114_4160_c_Jelena_Cvetkovic_S-scaled.jpg 1535w, https:\/\/bitewithzest.com\/wp-content\/uploads\/2025\/04\/114_4160_c_Jelena_Cvetkovic_S-225x300.jpg 225w, https:\/\/bitewithzest.com\/wp-content\/uploads\/2025\/04\/114_4160_c_Jelena_Cvetkovic_S-768x1024.jpg 768w, https:\/\/bitewithzest.com\/wp-content\/uploads\/2025\/04\/114_4160_c_Jelena_Cvetkovic_S-1152x1536.jpg 1152w\" sizes=\"(max-width: 1535px) 100vw, 1535px\" \/>\t\t\t\t\t\t<\/div>\r\n\t\t\t\t\t\t\t\t\t\t\t\t\t<div class=\"premium-blog-thumbnail-overlay\">\r\n\t\t\t\t\t\t\t\t<a class=\"elementor-icon\" href=\"https:\/\/bitewithzest.com\/de\/cremiger-veganer-schokoladenkuchen\/\" target=\"_self\"><\/a>\r\n\t\t\t\t\t\t\t<\/div>\r\n\r\n\t\t\t\t\t\t\t\t\t\t\t\t\t\t\t\t\t\t<\/div>\r\n\t\t\t\t\t\t\t\t\t\t\t\t<div class=\"premium-blog-content-wrapper \">\r\n\r\n\t\t\t\t\t<div class=\"premium-blog-inner-container\">\r\n\r\n\t\t\t\t\t\t\t\t\t\t\t\t\t\t<h2 class=\"premium-blog-entry-title\">\r\n\t\t\t<a href=\"https:\/\/bitewithzest.com\/de\/cremiger-veganer-schokoladenkuchen\/\" target=\"_self\">\r\n\t\t\t\tCremiger Veganer Schokoladenkuchen\t\t\t<\/a>\r\n\t\t<\/h2>\r\n\t\t\t\t<div class=\"premium-blog-entry-meta\">\r\n\t\t\t\r\n\t\t\t\r\n\t\t\t\r\n\t\t\t\t\t<\/div>\r\n\t\t\r\n\t\t\t\t\t<\/div>\r\n\r\n\t\t\t\t\t\t\t<div class=\"premium-blog-content-inner-wrapper\">\r\n\t\t<p class=\"premium-blog-post-content\"><p id=\"recstyle\"><strong><img decoding=\"async\" alt=\"\" src=\"https:\/\/mxf.bnu.mybluehost.me\/website_ca2667c8\/wp-content\/uploads\/2024\/04\/web_icons1_2_n9OvexT.png\" style=\"height:25px;margin:0px 5px;width:25px\">Zubereitung<\/strong>: 15 min<br><strong><img decoding=\"async\" alt=\"\" src=\"https:\/\/mxf.bnu.mybluehost.me\/website_ca2667c8\/wp-content\/uploads\/2024\/04\/web_icons4_2.png\" style=\"height:25px;margin:0px 5px;width:25px\"> Backen: nein<\/strong><br><strong><img decoding=\"async\" alt=\"\" src=\"https:\/\/mxf.bnu.mybluehost.me\/website_ca2667c8\/wp-content\/uploads\/2024\/04\/web_icons5_Y10yzSr.png\" style=\"height:25px;margin:0px 5px;width:25px\">Schwierigkeitsgrad<\/strong>: leicht<br><strong><img decoding=\"async\" alt=\"\" src=\"https:\/\/mxf.bnu.mybluehost.me\/website_ca2667c8\/wp-content\/uploads\/2024\/04\/web_icons6_3r6GaMh.png\" style=\"height:25px;margin:0px 5px;width:25px\">Menge<\/strong>: 4 Personen<\/p>\n          \n\n          \n\n          <span style=\"font-family:\">\n            <em>vegan, milchfrei<\/em>\n          <\/span><\/p>\t\t<\/div>\r\n\t\t\t\t\t\t\t\r\n\t\t\t\t<\/div>\r\n\t\t\t<\/div>\r\n\t\t<\/div>\r\n\r\n\t\t\t\t<div class=\"premium-blog-post-outer-container\" data-total=\"6\">\r\n\t\t\t<div class=\"premium-blog-post-container premium-blog-skin-classic\">\r\n\t\t\t\t\t\t\t\t\t<div class=\"premium-blog-thumb-effect-wrapper\">\r\n\t\t\t\t\t\t<div class=\"premium-blog-thumbnail-container premium-blog-none-effect\">\r\n\t\t\t\t\t\t\t<img decoding=\"async\" src=\"https:\/\/bitewithzest.com\/wp-content\/uploads\/2025\/02\/IMG_3745-scaled.jpg\" class=\"attachment-full size-full wp-image-11617\" alt=\"\" \/>\t\t\t\t\t\t<\/div>\r\n\t\t\t\t\t\t\t\t\t\t\t\t\t<div class=\"premium-blog-thumbnail-overlay\">\r\n\t\t\t\t\t\t\t\t<a class=\"elementor-icon\" href=\"https:\/\/bitewithzest.com\/de\/gebackene-schokoladen-doughnuts\/\" target=\"_self\"><\/a>\r\n\t\t\t\t\t\t\t<\/div>\r\n\r\n\t\t\t\t\t\t\t\t\t\t\t\t\t\t\t\t\t\t<\/div>\r\n\t\t\t\t\t\t\t\t\t\t\t\t<div class=\"premium-blog-content-wrapper \">\r\n\r\n\t\t\t\t\t<div class=\"premium-blog-inner-container\">\r\n\r\n\t\t\t\t\t\t\t\t\t\t\t\t\t\t<h2 class=\"premium-blog-entry-title\">\r\n\t\t\t<a href=\"https:\/\/bitewithzest.com\/de\/gebackene-schokoladen-doughnuts\/\" target=\"_self\">\r\n\t\t\t\tGebackene Schokoladen-Doughnuts\t\t\t<\/a>\r\n\t\t<\/h2>\r\n\t\t\t\t<div class=\"premium-blog-entry-meta\">\r\n\t\t\t\r\n\t\t\t\r\n\t\t\t\r\n\t\t\t\t\t<\/div>\r\n\t\t\r\n\t\t\t\t\t<\/div>\r\n\r\n\t\t\t\t\t\t\t<div class=\"premium-blog-content-inner-wrapper\">\r\n\t\t<p class=\"premium-blog-post-content\"><p id=\"recstyle\"><strong><img decoding=\"async\" alt=\"\" src=\"https:\/\/bitewithzest.com\/wp-content\/uploads\/2024\/04\/web_icons1_2_n9OvexT.png\" style=\"height:25px;margin:0px 5px;width:25px\">Zubereitung<\/strong>: 15 min<br><strong><img decoding=\"async\" alt=\"\" src=\"https:\/\/bitewithzest.com\/wp-content\/uploads\/2024\/04\/web_icons4_2.png\" style=\"height:25px;margin:0px 5px;width:25px\">Backen<\/strong>: nein<br><strong><img decoding=\"async\" alt=\"\" src=\"https:\/\/bitewithzest.com\/wp-content\/uploads\/2024\/04\/web_icons5_Y10yzSr.png\" style=\"height:25px;margin:0px 5px;width:25px\">Schwierigkeitsgrad<\/strong>: einfach<br><strong><img decoding=\"async\" alt=\"\" src=\"https:\/\/bitewithzest.com\/wp-content\/uploads\/2024\/04\/web_icons6_3r6GaMh.png\" style=\"height:25px;margin:0px 5px;width:25px\">Menge<\/strong>: 12 Krapfen<\/p>\n          \n\n          \n\n          <span style=\"font-family:\">\n            <em>vegan, milchfrei<\/em>\n          <\/span><\/p>\t\t<\/div>\r\n\t\t\t\t\t\t\t\r\n\t\t\t\t<\/div>\r\n\t\t\t<\/div>\r\n\t\t<\/div>\r\n\r\n\t\t\t\t<div class=\"premium-blog-post-outer-container\" data-total=\"6\">\r\n\t\t\t<div class=\"premium-blog-post-container premium-blog-skin-classic\">\r\n\t\t\t\t\t\t\t\t\t<div class=\"premium-blog-thumb-effect-wrapper\">\r\n\t\t\t\t\t\t<div class=\"premium-blog-thumbnail-container premium-blog-none-effect\">\r\n\t\t\t\t\t\t\t<img decoding=\"async\" width=\"2048\" height=\"1536\" src=\"https:\/\/bitewithzest.com\/wp-content\/uploads\/2025\/02\/IMG_3603-scaled.jpg\" class=\"attachment-full size-full wp-image-11511\" alt=\"\" srcset=\"https:\/\/bitewithzest.com\/wp-content\/uploads\/2025\/02\/IMG_3603-scaled.jpg 2048w, https:\/\/bitewithzest.com\/wp-content\/uploads\/2025\/02\/IMG_3603-300x225.jpg 300w, https:\/\/bitewithzest.com\/wp-content\/uploads\/2025\/02\/IMG_3603-1024x768.jpg 1024w, https:\/\/bitewithzest.com\/wp-content\/uploads\/2025\/02\/IMG_3603-768x576.jpg 768w, https:\/\/bitewithzest.com\/wp-content\/uploads\/2025\/02\/IMG_3603-1536x1152.jpg 1536w\" sizes=\"(max-width: 2048px) 100vw, 2048px\" \/>\t\t\t\t\t\t<\/div>\r\n\t\t\t\t\t\t\t\t\t\t\t\t\t<div class=\"premium-blog-thumbnail-overlay\">\r\n\t\t\t\t\t\t\t\t<a class=\"elementor-icon\" href=\"https:\/\/bitewithzest.com\/de\/veganer-raeucherkaese\/\" target=\"_self\"><\/a>\r\n\t\t\t\t\t\t\t<\/div>\r\n\r\n\t\t\t\t\t\t\t\t\t\t\t\t\t\t\t\t\t\t<\/div>\r\n\t\t\t\t\t\t\t\t\t\t\t\t<div class=\"premium-blog-content-wrapper \">\r\n\r\n\t\t\t\t\t<div class=\"premium-blog-inner-container\">\r\n\r\n\t\t\t\t\t\t\t\t\t\t\t\t\t\t<h2 class=\"premium-blog-entry-title\">\r\n\t\t\t<a href=\"https:\/\/bitewithzest.com\/de\/veganer-raeucherkaese\/\" target=\"_self\">\r\n\t\t\t\tVeganer R\u00e4ucherk\u00e4se\t\t\t<\/a>\r\n\t\t<\/h2>\r\n\t\t\t\t<div class=\"premium-blog-entry-meta\">\r\n\t\t\t\r\n\t\t\t\r\n\t\t\t\r\n\t\t\t\t\t<\/div>\r\n\t\t\r\n\t\t\t\t\t<\/div>\r\n\r\n\t\t\t\t\t\t\t<div class=\"premium-blog-content-inner-wrapper\">\r\n\t\t<p class=\"premium-blog-post-content\"><p id=\"recstyle\"><strong><img decoding=\"async\" alt=\"\" src=\"https:\/\/mxf.bnu.mybluehost.me\/website_ca2667c8\/wp-content\/uploads\/2024\/04\/web_icons1_2_n9OvexT.png\" style=\"height:25px;margin:0px 5px;width:25px\">Vorbereitung<\/strong>: 10 min<br><strong><img decoding=\"async\" alt=\"\" src=\"https:\/\/mxf.bnu.mybluehost.me\/website_ca2667c8\/wp-content\/uploads\/2024\/04\/web_icons4_2.png\" style=\"height:25px;margin:0px 5px;width:25px\">Kochen<\/strong>: 30 min<br><strong><img decoding=\"async\" alt=\"\" src=\"https:\/\/mxf.bnu.mybluehost.me\/website_ca2667c8\/wp-content\/uploads\/2024\/04\/web_icons5_Y10yzSr.png\" style=\"height:25px;margin:0px 5px;width:25px\">Schwierigkeitsgrad<\/strong>: leicht<br><strong><img decoding=\"async\" alt=\"\" src=\"https:\/\/mxf.bnu.mybluehost.me\/website_ca2667c8\/wp-content\/uploads\/2024\/04\/web_icons6_3r6GaMh.png\" style=\"height:25px;margin:0px 5px;width:25px\">Portionen<\/strong>: \/<\/p>\n          \n\n          \n\n          <span>\n            <em>vegan, milchfrei, glutenfrei<\/em>\n          <\/span><\/p>\t\t<\/div>\r\n\t\t\t\t\t\t\t\r\n\t\t\t\t<\/div>\r\n\t\t\t<\/div>\r\n\t\t<\/div>\r\n\r\n\t\t\t\t<div class=\"premium-blog-post-outer-container\" data-total=\"6\">\r\n\t\t\t<div class=\"premium-blog-post-container premium-blog-skin-classic\">\r\n\t\t\t\t\t\t\t\t\t<div class=\"premium-blog-thumb-effect-wrapper\">\r\n\t\t\t\t\t\t<div class=\"premium-blog-thumbnail-container premium-blog-none-effect\">\r\n\t\t\t\t\t\t\t<img loading=\"lazy\" decoding=\"async\" width=\"2048\" height=\"1536\" src=\"https:\/\/bitewithzest.com\/wp-content\/uploads\/2024\/08\/c_Jelena_Cvetkovic_S_8626-scaled.jpg\" class=\"attachment-full size-full wp-image-9816\" alt=\"\" srcset=\"https:\/\/bitewithzest.com\/wp-content\/uploads\/2024\/08\/c_Jelena_Cvetkovic_S_8626-scaled.jpg 2048w, https:\/\/bitewithzest.com\/wp-content\/uploads\/2024\/08\/c_Jelena_Cvetkovic_S_8626-300x225.jpg 300w, https:\/\/bitewithzest.com\/wp-content\/uploads\/2024\/08\/c_Jelena_Cvetkovic_S_8626-1024x768.jpg 1024w, https:\/\/bitewithzest.com\/wp-content\/uploads\/2024\/08\/c_Jelena_Cvetkovic_S_8626-768x576.jpg 768w, https:\/\/bitewithzest.com\/wp-content\/uploads\/2024\/08\/c_Jelena_Cvetkovic_S_8626-1536x1152.jpg 1536w\" sizes=\"(max-width: 2048px) 100vw, 2048px\" \/>\t\t\t\t\t\t<\/div>\r\n\t\t\t\t\t\t\t\t\t\t\t\t\t<div class=\"premium-blog-thumbnail-overlay\">\r\n\t\t\t\t\t\t\t\t<a class=\"elementor-icon\" href=\"https:\/\/bitewithzest.com\/de\/zucchini-nudeln-mit-basilikum-pesto\/\" target=\"_self\"><\/a>\r\n\t\t\t\t\t\t\t<\/div>\r\n\r\n\t\t\t\t\t\t\t\t\t\t\t\t\t\t\t\t\t\t<\/div>\r\n\t\t\t\t\t\t\t\t\t\t\t\t<div class=\"premium-blog-content-wrapper \">\r\n\r\n\t\t\t\t\t<div class=\"premium-blog-inner-container\">\r\n\r\n\t\t\t\t\t\t\t\t\t\t\t\t\t\t<h2 class=\"premium-blog-entry-title\">\r\n\t\t\t<a href=\"https:\/\/bitewithzest.com\/de\/zucchini-nudeln-mit-basilikum-pesto\/\" target=\"_self\">\r\n\t\t\t\tZucchini-Nudeln mit Basilikum-Pesto\t\t\t<\/a>\r\n\t\t<\/h2>\r\n\t\t\t\t<div class=\"premium-blog-entry-meta\">\r\n\t\t\t\r\n\t\t\t\r\n\t\t\t\r\n\t\t\t\t\t<\/div>\r\n\t\t\r\n\t\t\t\t\t<\/div>\r\n\r\n\t\t\t\t\t\t\t<div class=\"premium-blog-content-inner-wrapper\">\r\n\t\t<p class=\"premium-blog-post-content\"><p id=\"recstyle\"><strong><img decoding=\"async\" alt=\"\" src=\"https:\/\/mxf.bnu.mybluehost.me\/website_ca2667c8\/wp-content\/uploads\/2024\/04\/web_icons1_2_n9OvexT.png\" style=\"height:25px;margin:0px 5px;width:25px\">Zubereitung<\/strong>: 10 min<br><strong><img decoding=\"async\" alt=\"\" src=\"https:\/\/mxf.bnu.mybluehost.me\/website_ca2667c8\/wp-content\/uploads\/2024\/04\/web_icons4_2.png\" style=\"height:25px;margin:0px 5px;width:25px\">Zubereitung<\/strong>: \/<br><strong><img decoding=\"async\" alt=\"\" src=\"https:\/\/mxf.bnu.mybluehost.me\/website_ca2667c8\/wp-content\/uploads\/2024\/04\/web_icons5_Y10yzSr.png\" style=\"height:25px;margin:0px 5px;width:25px\">Schwierigkeitsgrad<\/strong>: leicht<br><strong><img decoding=\"async\" alt=\"\" src=\"https:\/\/mxf.bnu.mybluehost.me\/website_ca2667c8\/wp-content\/uploads\/2024\/04\/web_icons6_3r6GaMh.png\" style=\"height:25px;margin:0px 5px;width:25px\">Portionen<\/strong>: 2<\/p>\n\n<span style=\"font-family:\"><em>vegan, milchfrei, glutenfrei<\/em><\/span><\/p>\t\t<\/div>\r\n\t\t\t\t\t\t\t\r\n\t\t\t\t<\/div>\r\n\t\t\t<\/div>\r\n\t\t<\/div>\r\n\r\n\t\t\t\t<div class=\"premium-blog-post-outer-container\" data-total=\"6\">\r\n\t\t\t<div class=\"premium-blog-post-container premium-blog-skin-classic\">\r\n\t\t\t\t\t\t\t\t\t<div class=\"premium-blog-thumb-effect-wrapper\">\r\n\t\t\t\t\t\t<div class=\"premium-blog-thumbnail-container premium-blog-none-effect\">\r\n\t\t\t\t\t\t\t<img loading=\"lazy\" decoding=\"async\" width=\"855\" height=\"1140\" src=\"https:\/\/bitewithzest.com\/wp-content\/uploads\/2024\/04\/post_opener10.jpg\" class=\"attachment-full size-full wp-image-7099\" alt=\"\" srcset=\"https:\/\/bitewithzest.com\/wp-content\/uploads\/2024\/04\/post_opener10.jpg 855w, https:\/\/bitewithzest.com\/wp-content\/uploads\/2024\/04\/post_opener10-225x300.jpg 225w, https:\/\/bitewithzest.com\/wp-content\/uploads\/2024\/04\/post_opener10-768x1024.jpg 768w, https:\/\/bitewithzest.com\/wp-content\/uploads\/2024\/04\/post_opener10-600x800.jpg 600w\" sizes=\"(max-width: 855px) 100vw, 855px\" \/>\t\t\t\t\t\t<\/div>\r\n\t\t\t\t\t\t\t\t\t\t\t\t\t<div class=\"premium-blog-thumbnail-overlay\">\r\n\t\t\t\t\t\t\t\t<a class=\"elementor-icon\" href=\"https:\/\/bitewithzest.com\/de\/vegane-holunderblutenkrapfen\/\" target=\"_self\"><\/a>\r\n\t\t\t\t\t\t\t<\/div>\r\n\r\n\t\t\t\t\t\t\t\t\t\t\t\t\t\t\t\t\t\t<\/div>\r\n\t\t\t\t\t\t\t\t\t\t\t\t<div class=\"premium-blog-content-wrapper \">\r\n\r\n\t\t\t\t\t<div class=\"premium-blog-inner-container\">\r\n\r\n\t\t\t\t\t\t\t\t\t\t\t\t\t\t<h2 class=\"premium-blog-entry-title\">\r\n\t\t\t<a href=\"https:\/\/bitewithzest.com\/de\/vegane-holunderblutenkrapfen\/\" target=\"_self\">\r\n\t\t\t\tVegane Holunderbl\u00fctenkrapfen\t\t\t<\/a>\r\n\t\t<\/h2>\r\n\t\t\t\t<div class=\"premium-blog-entry-meta\">\r\n\t\t\t\r\n\t\t\t\r\n\t\t\t\r\n\t\t\t\t\t<\/div>\r\n\t\t\r\n\t\t\t\t\t<\/div>\r\n\r\n\t\t\t\t\t\t\t<div class=\"premium-blog-content-inner-wrapper\">\r\n\t\t<p class=\"premium-blog-post-content\"><p id=\"recstyle\"><strong><img decoding=\"async\" alt=\"\" src=\"https:\/\/mxf.bnu.mybluehost.me\/website_ca2667c8\/wp-content\/uploads\/2024\/04\/web_icons1_2_n9OvexT.png\" style=\"height:25px;margin:0px 5px;width:25px\">Vorbereitung<\/strong>: 5 min<br><strong><img decoding=\"async\" alt=\"\" src=\"https:\/\/mxf.bnu.mybluehost.me\/website_ca2667c8\/wp-content\/uploads\/2024\/04\/web_icons4_2.png\" style=\"height:25px;margin:0px 5px;width:25px\">Kochen<\/strong>: 3 min<br><strong><img decoding=\"async\" alt=\"\" src=\"https:\/\/mxf.bnu.mybluehost.me\/website_ca2667c8\/wp-content\/uploads\/2024\/04\/web_icons5_Y10yzSr.png\" style=\"height:25px;margin:0px 5px;width:25px\">Schwierigkeitsgrad<\/strong>: leicht<br><strong><img decoding=\"async\" alt=\"\" src=\"https:\/\/mxf.bnu.mybluehost.me\/website_ca2667c8\/wp-content\/uploads\/2024\/04\/web_icons6_3r6GaMh.png\" style=\"height:25px;margin:0px 5px;width:25px\">Portionen<\/strong>: 4<\/p>\n\n<span><em>vegan, milchfrei,<\/em><\/span><\/p>\t\t<\/div>\r\n\t\t\t\t\t\t\t\r\n\t\t\t\t<\/div>\r\n\t\t\t<\/div>\r\n\t\t<\/div>\r\n\r\n\t\t\t\t\t\t\t<\/div>\r\n\r\n\t\t\t\t\t<div class=\"premium-blog-footer\">\r\n\t\t\t\t\t\t\t<nav class=\"premium-blog-pagination-container\" role=\"navigation\" aria-label=\"Paginierung\">\r\n\t\t\t\t<span aria-current=\"page\" class=\"page-numbers current\">1<\/span>\n<a class=\"page-numbers\" href=\"https:\/\/bitewithzest.com\/de\/wp-json\/wp\/v2\/pages\/9961\/page\/2\/\">2<\/a>\n<a class=\"page-numbers\" href=\"https:\/\/bitewithzest.com\/de\/wp-json\/wp\/v2\/pages\/9961\/page\/3\/\">3<\/a>\n<span class=\"page-numbers dots\">&hellip;<\/span>\n<a class=\"page-numbers\" href=\"https:\/\/bitewithzest.com\/de\/wp-json\/wp\/v2\/pages\/9961\/page\/5\/\">5<\/a>\n<a class=\"next page-numbers\" href=\"https:\/\/bitewithzest.com\/de\/wp-json\/wp\/v2\/pages\/9961\/page\/2\/\"> \u00bb<\/a>\t\t\t<\/nav>\r\n\t\t\t\t\t\t<\/div>\r\n\t\t\r\n\t\t\r\n\t\t\t\t\t\t<\/div>\n\t\t\t\t<\/div>\n\t\t\t\t<div class=\"elementor-element elementor-element-6e7571d elementor-absolute elementor-widget__width-auto elementor-widget elementor-widget-image\" data-id=\"6e7571d\" data-element_type=\"widget\" data-e-type=\"widget\" data-settings=\"{&quot;_position&quot;:&quot;absolute&quot;}\" data-widget_type=\"image.default\">\n\t\t\t\t<div class=\"elementor-widget-container\">\n\t\t\t\t\t\t\t\t\t\t\t\t\t\t\t<img loading=\"lazy\" decoding=\"async\" width=\"789\" height=\"507\" src=\"https:\/\/bitewithzest.com\/wp-content\/uploads\/2024\/04\/basil-10-2.png\" class=\"attachment-large size-large wp-image-7263\" alt=\"\" srcset=\"https:\/\/bitewithzest.com\/wp-content\/uploads\/2024\/04\/basil-10-2.png 789w, https:\/\/bitewithzest.com\/wp-content\/uploads\/2024\/04\/basil-10-2-300x193.png 300w, https:\/\/bitewithzest.com\/wp-content\/uploads\/2024\/04\/basil-10-2-768x494.png 768w, https:\/\/bitewithzest.com\/wp-content\/uploads\/2024\/04\/basil-10-2-18x12.png 18w, https:\/\/bitewithzest.com\/wp-content\/uploads\/2024\/04\/basil-10-2-600x386.png 600w\" sizes=\"(max-width: 789px) 100vw, 789px\" \/>\t\t\t\t\t\t\t\t\t\t\t\t\t\t\t<\/div>\n\t\t\t\t<\/div>\n\t\t\t\t<\/div>\n\t\t\t\t\t<\/div>\n\t\t\t\t<\/div>\n\t\t\t\t<\/div>\n\t\t","protected":false},"excerpt":{"rendered":"<p>Pflanzliche Rezeptideen L\u00f6wenzahnsalat L\u00f6wenzahnsalat Zubereitung: 5 min Garen: 20 min Schwierigkeitsgrad: leicht Portionen: 2 vegan, milchfrei, glutenfrei K\u00f6stlich knackige ger\u00f6stete [&hellip;]<\/p>\n","protected":false},"author":2,"featured_media":0,"parent":0,"menu_order":0,"comment_status":"closed","ping_status":"closed","template":"","meta":{"site-sidebar-layout":"no-sidebar","site-content-layout":"","ast-site-content-layout":"full-width-container","site-content-style":"default","site-sidebar-style":"default","ast-global-header-display":"","ast-banner-title-visibility":"","ast-main-header-display":"","ast-hfb-above-header-display":"","ast-hfb-below-header-display":"","ast-hfb-mobile-header-display":"","site-post-title":"disabled","ast-breadcrumbs-content":"","ast-featured-img":"disabled","footer-sml-layout":"","theme-transparent-header-meta":"","adv-header-id-meta":"","stick-header-meta":"","header-above-stick-meta":"","header-main-stick-meta":"","header-below-stick-meta":"","astra-migrate-meta-layouts":"default","ast-page-background-enabled":"default","ast-page-background-meta":{"desktop":{"background-color":"var(--ast-global-color-4)","background-image":"","background-repeat":"repeat","background-position":"center center","background-size":"auto","background-attachment":"scroll","background-type":"","background-media":"","overlay-type":"","overlay-color":"","overlay-gradient":""},"tablet":{"background-color":"","background-image":"","background-repeat":"repeat","background-position":"center center","background-size":"auto","background-attachment":"scroll","background-type":"","background-media":"","overlay-type":"","overlay-color":"","overlay-gradient":""},"mobile":{"background-color":"","background-image":"","background-repeat":"repeat","background-position":"center center","background-size":"auto","background-attachment":"scroll","background-type":"","background-media":"","overlay-type":"","overlay-color":"","overlay-gradient":""}},"ast-content-background-meta":{"desktop":{"background-color":"var(--ast-global-color-5)","background-image":"","background-repeat":"repeat","background-position":"center center","background-size":"auto","background-attachment":"scroll","background-type":"","background-media":"","overlay-type":"","overlay-color":"","overlay-gradient":""},"tablet":{"background-color":"var(--ast-global-color-5)","background-image":"","background-repeat":"repeat","background-position":"center center","background-size":"auto","background-attachment":"scroll","background-type":"","background-media":"","overlay-type":"","overlay-color":"","overlay-gradient":""},"mobile":{"background-color":"var(--ast-global-color-5)","background-image":"","background-repeat":"repeat","background-position":"center center","background-size":"auto","background-attachment":"scroll","background-type":"","background-media":"","overlay-type":"","overlay-color":"","overlay-gradient":""}},"footnotes":""},"class_list":["post-9961","page","type-page","status-publish","hentry"],"_links":{"self":[{"href":"https:\/\/bitewithzest.com\/de\/wp-json\/wp\/v2\/pages\/9961","targetHints":{"allow":["GET"]}}],"collection":[{"href":"https:\/\/bitewithzest.com\/de\/wp-json\/wp\/v2\/pages"}],"about":[{"href":"https:\/\/bitewithzest.com\/de\/wp-json\/wp\/v2\/types\/page"}],"author":[{"embeddable":true,"href":"https:\/\/bitewithzest.com\/de\/wp-json\/wp\/v2\/users\/2"}],"replies":[{"embeddable":true,"href":"https:\/\/bitewithzest.com\/de\/wp-json\/wp\/v2\/comments?post=9961"}],"version-history":[{"count":12,"href":"https:\/\/bitewithzest.com\/de\/wp-json\/wp\/v2\/pages\/9961\/revisions"}],"predecessor-version":[{"id":10022,"href":"https:\/\/bitewithzest.com\/de\/wp-json\/wp\/v2\/pages\/9961\/revisions\/10022"}],"wp:attachment":[{"href":"https:\/\/bitewithzest.com\/de\/wp-json\/wp\/v2\/media?parent=9961"}],"curies":[{"name":"wp","href":"https:\/\/api.w.org\/{rel}","templated":true}]}}