{"id":7269,"date":"2024-04-19T11:38:41","date_gmt":"2024-04-19T11:38:41","guid":{"rendered":"https:\/\/mxf.bnu.mybluehost.me\/website_ca2667c8\/httpdocs\/uber-uns\/"},"modified":"2024-08-07T20:49:27","modified_gmt":"2024-08-07T20:49:27","slug":"uber-uns","status":"publish","type":"page","link":"https:\/\/bitewithzest.com\/de\/uber-uns\/","title":{"rendered":"\u00dcber uns"},"content":{"rendered":"\t\t<div data-elementor-type=\"wp-page\" data-elementor-id=\"7269\" class=\"elementor elementor-7269 elementor-745\" data-elementor-post-type=\"page\">\n\t\t\t\t<div class=\"elementor-element elementor-element-58dea35 e-flex e-con-boxed e-con e-parent\" data-id=\"58dea35\" data-element_type=\"container\" data-e-type=\"container\">\n\t\t\t\t\t<div class=\"e-con-inner\">\n\t\t\t\t\t<\/div>\n\t\t\t\t<\/div>\n\t\t<div class=\"elementor-element elementor-element-63b0740 e-flex e-con-boxed e-con e-parent\" data-id=\"63b0740\" data-element_type=\"container\" data-e-type=\"container\">\n\t\t\t\t\t<div class=\"e-con-inner\">\n\t\t<div class=\"elementor-element elementor-element-94d4c34 e-con-full e-flex e-con e-child\" data-id=\"94d4c34\" data-element_type=\"container\" data-e-type=\"container\" data-settings=\"{&quot;background_background&quot;:&quot;classic&quot;}\">\n\t\t\t\t<div class=\"elementor-element elementor-element-4987617 elementor-widget elementor-widget-heading\" data-id=\"4987617\" data-element_type=\"widget\" data-e-type=\"widget\" data-widget_type=\"heading.default\">\n\t\t\t\t<div class=\"elementor-widget-container\">\n\t\t\t\t\t<h2 class=\"elementor-heading-title elementor-size-default\">\u00dcber<\/h2>\t\t\t\t<\/div>\n\t\t\t\t<\/div>\n\t\t\t\t<div class=\"elementor-element elementor-element-c79fd23 elementor-widget elementor-widget-heading\" data-id=\"c79fd23\" data-element_type=\"widget\" data-e-type=\"widget\" data-widget_type=\"heading.default\">\n\t\t\t\t<div class=\"elementor-widget-container\">\n\t\t\t\t\t<h2 class=\"elementor-heading-title elementor-size-default\">Wir<\/h2>\t\t\t\t<\/div>\n\t\t\t\t<\/div>\n\t\t\t\t<div class=\"elementor-element elementor-element-a346a05 elementor-widget__width-initial elementor-widget-laptop__width-initial elementor-widget elementor-widget-text-editor\" data-id=\"a346a05\" data-element_type=\"widget\" data-e-type=\"widget\" data-widget_type=\"text-editor.default\">\n\t\t\t\t<div class=\"elementor-widget-container\">\n\t\t\t\t\t\t\t\t\t<div class=\"about-text\">\n<p>Was auch immer wir tun, erschaffen, denken, wir k\u00f6nnen den Moment sp\u00fcren und es mit Leidenschaft tun. Das ist ein fester Bestandteil von uns, es ist unsere Natur, genauso wie wir Teil dieser Welt sind, zusammen mit allen anderen Lebewesen. Indem wir alle Lebewesen respektieren und ihnen gegen\u00fcber mitf\u00fchlend sind, erf\u00fcllen wir einfach unser wahres Selbst. Denn das ist es, was wir sind&#8230; Leidenschaft und Mitgef\u00fchl. Wir erkunden dies gemeinsam mit Ihnen&#8230;<\/p>\n<\/div>\n\t\t\t\t\t\t\t\t<\/div>\n\t\t\t\t<\/div>\n\t\t\t\t<div class=\"elementor-element elementor-element-d29ea93 elementor-widget elementor-widget-heading\" data-id=\"d29ea93\" data-element_type=\"widget\" data-e-type=\"widget\" data-widget_type=\"heading.default\">\n\t\t\t\t<div class=\"elementor-widget-container\">\n\t\t\t\t\t<h2 class=\"elementor-heading-title elementor-size-default\">Gr\u00fcnder und Redakteure<\/h2>\t\t\t\t<\/div>\n\t\t\t\t<\/div>\n\t\t<div class=\"elementor-element elementor-element-2e74790 imstyle e-flex e-con-boxed e-con e-child\" data-id=\"2e74790\" data-element_type=\"container\" data-e-type=\"container\">\n\t\t\t\t\t<div class=\"e-con-inner\">\n\t\t<div class=\"elementor-element elementor-element-abde8ce e-con-full e-flex e-con e-child\" data-id=\"abde8ce\" data-element_type=\"container\" data-e-type=\"container\">\n\t\t\t\t<div class=\"elementor-element elementor-element-b8f5aa7 elementor-widget elementor-widget-image\" data-id=\"b8f5aa7\" data-element_type=\"widget\" data-e-type=\"widget\" data-widget_type=\"image.default\">\n\t\t\t\t<div class=\"elementor-widget-container\">\n\t\t\t\t\t\t\t\t\t\t\t\t\t\t\t<img fetchpriority=\"high\" decoding=\"async\" width=\"617\" height=\"621\" src=\"https:\/\/bitewithzest.com\/wp-content\/uploads\/2024\/05\/Capture.png\" class=\"attachment-full size-full wp-image-7277\" alt=\"\" srcset=\"https:\/\/bitewithzest.com\/wp-content\/uploads\/2024\/05\/Capture.png 617w, https:\/\/bitewithzest.com\/wp-content\/uploads\/2024\/05\/Capture-298x300.png 298w, https:\/\/bitewithzest.com\/wp-content\/uploads\/2024\/05\/Capture-150x150.png 150w, https:\/\/bitewithzest.com\/wp-content\/uploads\/2024\/05\/Capture-12x12.png 12w, https:\/\/bitewithzest.com\/wp-content\/uploads\/2024\/05\/Capture-600x604.png 600w, https:\/\/bitewithzest.com\/wp-content\/uploads\/2024\/05\/Capture-100x100.png 100w\" sizes=\"(max-width: 617px) 100vw, 617px\" \/>\t\t\t\t\t\t\t\t\t\t\t\t\t\t\t<\/div>\n\t\t\t\t<\/div>\n\t\t\t\t<\/div>\n\t\t<div class=\"elementor-element elementor-element-9251d90 e-flex e-con-boxed e-con e-child\" data-id=\"9251d90\" data-element_type=\"container\" data-e-type=\"container\">\n\t\t\t\t\t<div class=\"e-con-inner\">\n\t\t\t\t<div class=\"elementor-element elementor-element-c5f8b5d elementor-widget elementor-widget-heading\" data-id=\"c5f8b5d\" data-element_type=\"widget\" data-e-type=\"widget\" data-widget_type=\"heading.default\">\n\t\t\t\t<div class=\"elementor-widget-container\">\n\t\t\t\t\t<h2 class=\"elementor-heading-title elementor-size-default\">Jelena Cvetkovi\u0107 \u0160.  <\/h2>\t\t\t\t<\/div>\n\t\t\t\t<\/div>\n\t\t\t\t<div class=\"elementor-element elementor-element-5b68ba1 elementor-widget elementor-widget-text-editor\" data-id=\"5b68ba1\" data-element_type=\"widget\" data-e-type=\"widget\" data-widget_type=\"text-editor.default\">\n\t\t\t\t<div class=\"elementor-widget-container\">\n\t\t\t\t\t\t\t\t\t<div class=\"about-text\">\n<div class=\"hero5-card1\">\n<div class=\"hero5-card1-text\">\n<p>Ausgebildet als Designerin, die das Leben erforscht und st\u00e4ndig lernt, wie sie ihren K\u00f6rper und Geist im Einklang mit der Natur und mit Respekt f\u00fcr alle Lebewesen pflegen kann. Sie ern\u00e4hrt sich schon seit \u00fcber 20 Jahren fleischlos. Sie l\u00e4sst sich von Design, Reisen, Meditation, Atemtechniken und der Entdeckung neuer s\u00fcndiger Geschm\u00e4cker inspirieren. Ihre gr\u00f6\u00dfte Inspiration und Herausforderung ist ihr Sohn.<\/p>\n<\/p>\n<\/div>\n<\/div>\n<\/div>\n\t\t\t\t\t\t\t\t<\/div>\n\t\t\t\t<\/div>\n\t\t\t\t\t<\/div>\n\t\t\t\t<\/div>\n\t\t\t\t\t<\/div>\n\t\t\t\t<\/div>\n\t\t<div class=\"elementor-element elementor-element-58c4115 imstyle e-flex e-con-boxed e-con e-child\" data-id=\"58c4115\" data-element_type=\"container\" data-e-type=\"container\">\n\t\t\t\t\t<div class=\"e-con-inner\">\n\t\t\t\t<div class=\"elementor-element elementor-element-24adafd elementor-hidden-desktop elementor-hidden-laptop elementor-hidden-tablet elementor-widget elementor-widget-image\" data-id=\"24adafd\" data-element_type=\"widget\" data-e-type=\"widget\" data-widget_type=\"image.default\">\n\t\t\t\t<div class=\"elementor-widget-container\">\n\t\t\t\t\t\t\t\t\t\t\t\t\t\t\t<img decoding=\"async\" width=\"618\" height=\"618\" src=\"https:\/\/bitewithzest.com\/wp-content\/uploads\/2024\/05\/Captu1re.png\" class=\"attachment-full size-full wp-image-7278\" alt=\"\" srcset=\"https:\/\/bitewithzest.com\/wp-content\/uploads\/2024\/05\/Captu1re.png 618w, https:\/\/bitewithzest.com\/wp-content\/uploads\/2024\/05\/Captu1re-300x300.png 300w, https:\/\/bitewithzest.com\/wp-content\/uploads\/2024\/05\/Captu1re-150x150.png 150w, https:\/\/bitewithzest.com\/wp-content\/uploads\/2024\/05\/Captu1re-12x12.png 12w, https:\/\/bitewithzest.com\/wp-content\/uploads\/2024\/05\/Captu1re-600x600.png 600w, https:\/\/bitewithzest.com\/wp-content\/uploads\/2024\/05\/Captu1re-100x100.png 100w\" sizes=\"(max-width: 618px) 100vw, 618px\" \/>\t\t\t\t\t\t\t\t\t\t\t\t\t\t\t<\/div>\n\t\t\t\t<\/div>\n\t\t<div class=\"elementor-element elementor-element-3d1a5de e-con-full e-flex e-con e-child\" data-id=\"3d1a5de\" data-element_type=\"container\" data-e-type=\"container\">\n\t\t\t\t<div class=\"elementor-element elementor-element-9578ea6 elementor-widget elementor-widget-heading\" data-id=\"9578ea6\" data-element_type=\"widget\" data-e-type=\"widget\" data-widget_type=\"heading.default\">\n\t\t\t\t<div class=\"elementor-widget-container\">\n\t\t\t\t\t<h2 class=\"elementor-heading-title elementor-size-default\">Igor \u0160arkanovi\u0107  <\/h2>\t\t\t\t<\/div>\n\t\t\t\t<\/div>\n\t\t\t\t<div class=\"elementor-element elementor-element-5c9229e elementor-widget elementor-widget-text-editor\" data-id=\"5c9229e\" data-element_type=\"widget\" data-e-type=\"widget\" data-widget_type=\"text-editor.default\">\n\t\t\t\t<div class=\"elementor-widget-container\">\n\t\t\t\t\t\t\t\t\t<div class=\"about-text\">\n<div class=\"hero5-card1\">\n<div class=\"hero5-card1-text\">\n<p>Er sagt \u00fcber sich selbst: &#8222;Ich plane, nach 2060 zu leben&#8230; Um dies zu erreichen, sollten einige Ma\u00dfnahmen ergriffen werden.&#8220;<br \/>\nSeine Sicht des Lebens besteht also darin, sich um die erste H\u00e4lfte des Lebens zu k\u00fcmmern, um eine gute Qualit\u00e4t in der zweiten H\u00e4lfte zu haben.<br \/>\nIgor ist leidenschaftlicher Meditator, Liebhaber sch\u00f6ner Kl\u00e4nge, Esser pflanzlicher Lebensmittel, von Beruf Ehemann und Vater und k\u00fcmmert sich auch um die Pflege und Unterst\u00fctzung dieser Website.  <\/p>\n<\/div>\n<\/div>\n<\/div>\n\t\t\t\t\t\t\t\t<\/div>\n\t\t\t\t<\/div>\n\t\t\t\t<\/div>\n\t\t<div class=\"elementor-element elementor-element-54b0ac4 e-con-full elementor-hidden-mobile e-flex e-con e-child\" data-id=\"54b0ac4\" data-element_type=\"container\" data-e-type=\"container\">\n\t\t\t\t<div class=\"elementor-element elementor-element-3015691 elementor-hidden-mobile elementor-widget elementor-widget-image\" data-id=\"3015691\" data-element_type=\"widget\" data-e-type=\"widget\" data-widget_type=\"image.default\">\n\t\t\t\t<div class=\"elementor-widget-container\">\n\t\t\t\t\t\t\t\t\t\t\t\t\t\t\t<img decoding=\"async\" width=\"618\" height=\"618\" src=\"https:\/\/bitewithzest.com\/wp-content\/uploads\/2024\/05\/Captu1re.png\" class=\"attachment-full size-full wp-image-7278\" alt=\"\" srcset=\"https:\/\/bitewithzest.com\/wp-content\/uploads\/2024\/05\/Captu1re.png 618w, https:\/\/bitewithzest.com\/wp-content\/uploads\/2024\/05\/Captu1re-300x300.png 300w, https:\/\/bitewithzest.com\/wp-content\/uploads\/2024\/05\/Captu1re-150x150.png 150w, https:\/\/bitewithzest.com\/wp-content\/uploads\/2024\/05\/Captu1re-12x12.png 12w, https:\/\/bitewithzest.com\/wp-content\/uploads\/2024\/05\/Captu1re-600x600.png 600w, https:\/\/bitewithzest.com\/wp-content\/uploads\/2024\/05\/Captu1re-100x100.png 100w\" sizes=\"(max-width: 618px) 100vw, 618px\" \/>\t\t\t\t\t\t\t\t\t\t\t\t\t\t\t<\/div>\n\t\t\t\t<\/div>\n\t\t\t\t<\/div>\n\t\t\t\t\t<\/div>\n\t\t\t\t<\/div>\n\t\t<div class=\"elementor-element elementor-element-9598552 imstyle e-flex e-con-boxed e-con e-child\" data-id=\"9598552\" data-element_type=\"container\" data-e-type=\"container\">\n\t\t\t\t\t<div class=\"e-con-inner\">\n\t\t<div class=\"elementor-element elementor-element-a9ea545 e-con-full e-flex e-con e-child\" data-id=\"a9ea545\" data-element_type=\"container\" data-e-type=\"container\">\n\t\t\t\t<div class=\"elementor-element elementor-element-167f364 elementor-widget elementor-widget-image\" data-id=\"167f364\" data-element_type=\"widget\" data-e-type=\"widget\" data-widget_type=\"image.default\">\n\t\t\t\t<div class=\"elementor-widget-container\">\n\t\t\t\t\t\t\t\t\t\t\t\t\t\t\t<img decoding=\"async\" width=\"617\" height=\"618\" src=\"https:\/\/bitewithzest.com\/wp-content\/uploads\/2024\/05\/Captuqqqre.png\" class=\"attachment-full size-full wp-image-7279\" alt=\"\" srcset=\"https:\/\/bitewithzest.com\/wp-content\/uploads\/2024\/05\/Captuqqqre.png 617w, https:\/\/bitewithzest.com\/wp-content\/uploads\/2024\/05\/Captuqqqre-300x300.png 300w, https:\/\/bitewithzest.com\/wp-content\/uploads\/2024\/05\/Captuqqqre-150x150.png 150w, https:\/\/bitewithzest.com\/wp-content\/uploads\/2024\/05\/Captuqqqre-12x12.png 12w, https:\/\/bitewithzest.com\/wp-content\/uploads\/2024\/05\/Captuqqqre-600x601.png 600w, https:\/\/bitewithzest.com\/wp-content\/uploads\/2024\/05\/Captuqqqre-100x100.png 100w\" sizes=\"(max-width: 617px) 100vw, 617px\" \/>\t\t\t\t\t\t\t\t\t\t\t\t\t\t\t<\/div>\n\t\t\t\t<\/div>\n\t\t\t\t<\/div>\n\t\t<div class=\"elementor-element elementor-element-5b9769f e-con-full e-flex e-con e-child\" data-id=\"5b9769f\" data-element_type=\"container\" data-e-type=\"container\">\n\t\t\t\t<div class=\"elementor-element elementor-element-7a2fd56 elementor-widget elementor-widget-heading\" data-id=\"7a2fd56\" data-element_type=\"widget\" data-e-type=\"widget\" data-widget_type=\"heading.default\">\n\t\t\t\t<div class=\"elementor-widget-container\">\n\t\t\t\t\t<h2 class=\"elementor-heading-title elementor-size-default\">Bor Cvetkovi\u0107 \u0160.  <\/h2>\t\t\t\t<\/div>\n\t\t\t\t<\/div>\n\t\t\t\t<div class=\"elementor-element elementor-element-fe9465b elementor-widget elementor-widget-text-editor\" data-id=\"fe9465b\" data-element_type=\"widget\" data-e-type=\"widget\" data-widget_type=\"text-editor.default\">\n\t\t\t\t<div class=\"elementor-widget-container\">\n\t\t\t\t\t\t\t\t\t<div class=\"about-text\">\n<div class=\"hero5-card1\">\n<div class=\"hero5-card1-text\">\n<p>Seine Rolle beim Portal BiteWithZest ist sehr wichtig, da er der Hauptkritiker ist. Er geht in die dritte Klasse und ist 11 Jahre alt.<br \/>\nHandball und Rubic&#8217;s Cube sind seine Lieblingshobbys.<br \/>\nIn der Schule spielt er mit seinen Freunden Tischtennis und wenn er nach Hause kommt, sieht er sich gerne Youtube an oder spielt ein Spiel namens Brawls Stars.   Er mag alle Tiere und sein Lieblingstier ist eine Henne. Er hat sein ganzes Leben lang vegan gelebt.  <\/p>\n<\/div>\n<\/div>\n<\/div>\n\t\t\t\t\t\t\t\t<\/div>\n\t\t\t\t<\/div>\n\t\t\t\t<\/div>\n\t\t\t\t\t<\/div>\n\t\t\t\t<\/div>\n\t\t\t\t<\/div>\n\t\t\t\t\t<\/div>\n\t\t\t\t<\/div>\n\t\t\t\t<\/div>\n\t\t","protected":false},"excerpt":{"rendered":"<p>\u00dcber Wir Was auch immer wir tun, erschaffen, denken, wir k\u00f6nnen den Moment sp\u00fcren und es mit Leidenschaft tun. Das [&hellip;]<\/p>\n","protected":false},"author":2,"featured_media":0,"parent":0,"menu_order":0,"comment_status":"closed","ping_status":"closed","template":"","meta":{"site-sidebar-layout":"no-sidebar","site-content-layout":"","ast-site-content-layout":"full-width-container","site-content-style":"default","site-sidebar-style":"default","ast-global-header-display":"","ast-banner-title-visibility":"","ast-main-header-display":"","ast-hfb-above-header-display":"","ast-hfb-below-header-display":"","ast-hfb-mobile-header-display":"","site-post-title":"disabled","ast-breadcrumbs-content":"","ast-featured-img":"disabled","footer-sml-layout":"","theme-transparent-header-meta":"","adv-header-id-meta":"","stick-header-meta":"","header-above-stick-meta":"","header-main-stick-meta":"","header-below-stick-meta":"","astra-migrate-meta-layouts":"default","ast-page-background-enabled":"default","ast-page-background-meta":{"desktop":{"background-color":"var(--ast-global-color-4)","background-image":"","background-repeat":"repeat","background-position":"center center","background-size":"auto","background-attachment":"scroll","background-type":"","background-media":"","overlay-type":"","overlay-color":"","overlay-gradient":""},"tablet":{"background-color":"","background-image":"","background-repeat":"repeat","background-position":"center center","background-size":"auto","background-attachment":"scroll","background-type":"","background-media":"","overlay-type":"","overlay-color":"","overlay-gradient":""},"mobile":{"background-color":"","background-image":"","background-repeat":"repeat","background-position":"center center","background-size":"auto","background-attachment":"scroll","background-type":"","background-media":"","overlay-type":"","overlay-color":"","overlay-gradient":""}},"ast-content-background-meta":{"desktop":{"background-color":"var(--ast-global-color-5)","background-image":"","background-repeat":"repeat","background-position":"center center","background-size":"auto","background-attachment":"scroll","background-type":"","background-media":"","overlay-type":"","overlay-color":"","overlay-gradient":""},"tablet":{"background-color":"var(--ast-global-color-5)","background-image":"","background-repeat":"repeat","background-position":"center center","background-size":"auto","background-attachment":"scroll","background-type":"","background-media":"","overlay-type":"","overlay-color":"","overlay-gradient":""},"mobile":{"background-color":"var(--ast-global-color-5)","background-image":"","background-repeat":"repeat","background-position":"center center","background-size":"auto","background-attachment":"scroll","background-type":"","background-media":"","overlay-type":"","overlay-color":"","overlay-gradient":""}},"footnotes":""},"class_list":["post-7269","page","type-page","status-publish","hentry"],"_links":{"self":[{"href":"https:\/\/bitewithzest.com\/de\/wp-json\/wp\/v2\/pages\/7269","targetHints":{"allow":["GET"]}}],"collection":[{"href":"https:\/\/bitewithzest.com\/de\/wp-json\/wp\/v2\/pages"}],"about":[{"href":"https:\/\/bitewithzest.com\/de\/wp-json\/wp\/v2\/types\/page"}],"author":[{"embeddable":true,"href":"https:\/\/bitewithzest.com\/de\/wp-json\/wp\/v2\/users\/2"}],"replies":[{"embeddable":true,"href":"https:\/\/bitewithzest.com\/de\/wp-json\/wp\/v2\/comments?post=7269"}],"version-history":[{"count":4,"href":"https:\/\/bitewithzest.com\/de\/wp-json\/wp\/v2\/pages\/7269\/revisions"}],"predecessor-version":[{"id":11036,"href":"https:\/\/bitewithzest.com\/de\/wp-json\/wp\/v2\/pages\/7269\/revisions\/11036"}],"wp:attachment":[{"href":"https:\/\/bitewithzest.com\/de\/wp-json\/wp\/v2\/media?parent=7269"}],"curies":[{"name":"wp","href":"https:\/\/api.w.org\/{rel}","templated":true}]}}