{"id":7262,"date":"2024-04-15T23:07:06","date_gmt":"2024-04-15T23:07:06","guid":{"rendered":"https:\/\/mxf.bnu.mybluehost.me\/website_ca2667c8\/httpdocs\/lebensstil\/"},"modified":"2024-08-05T09:15:05","modified_gmt":"2024-08-05T09:15:05","slug":"lebensstil","status":"publish","type":"page","link":"https:\/\/bitewithzest.com\/de\/lebensstil\/","title":{"rendered":"Lebensstil"},"content":{"rendered":"\t\t<div data-elementor-type=\"wp-page\" data-elementor-id=\"7262\" class=\"elementor elementor-7262 elementor-112\" data-elementor-post-type=\"page\">\n\t\t\t\t<div class=\"elementor-element elementor-element-10fc54f e-flex e-con-boxed e-con e-parent\" data-id=\"10fc54f\" data-element_type=\"container\" data-e-type=\"container\">\n\t\t\t\t\t<div class=\"e-con-inner\">\n\t\t\t\t\t<\/div>\n\t\t\t\t<\/div>\n\t\t<div class=\"elementor-element elementor-element-a78fdf1 e-flex e-con-boxed e-con e-parent\" data-id=\"a78fdf1\" data-element_type=\"container\" data-e-type=\"container\">\n\t\t\t\t\t<div class=\"e-con-inner\">\n\t\t<div class=\"elementor-element elementor-element-f3f5f0c e-con-full e-flex e-con e-child\" data-id=\"f3f5f0c\" data-element_type=\"container\" data-e-type=\"container\" data-settings=\"{&quot;background_background&quot;:&quot;classic&quot;}\">\n\t\t\t\t<div class=\"elementor-element elementor-element-079620a elementor-widget elementor-widget-heading\" data-id=\"079620a\" data-element_type=\"widget\" data-e-type=\"widget\" data-widget_type=\"heading.default\">\n\t\t\t\t<div class=\"elementor-widget-container\">\n\t\t\t\t\t<h2 class=\"elementor-heading-title elementor-size-default\">Pflanzlicher <\/h2>\t\t\t\t<\/div>\n\t\t\t\t<\/div>\n\t\t\t\t<div class=\"elementor-element elementor-element-ab7e18b elementor-widget elementor-widget-heading\" data-id=\"ab7e18b\" data-element_type=\"widget\" data-e-type=\"widget\" data-widget_type=\"heading.default\">\n\t\t\t\t<div class=\"elementor-widget-container\">\n\t\t\t\t\t<h2 class=\"elementor-heading-title elementor-size-default\">Lebensstil<\/h2>\t\t\t\t<\/div>\n\t\t\t\t<\/div>\n\t\t<div class=\"elementor-element elementor-element-e4dc4d4 e-con-full e-flex e-con e-child\" data-id=\"e4dc4d4\" data-element_type=\"container\" data-e-type=\"container\">\n\t\t\t\t<div class=\"elementor-element elementor-element-230179a pstimg premium-blog-align-left elementor-widget elementor-widget-premium-addon-blog\" data-id=\"230179a\" data-element_type=\"widget\" data-e-type=\"widget\" data-settings=\"{&quot;premium_blog_columns_number&quot;:&quot;33.33%&quot;,&quot;premium_blog_columns_number_laptop&quot;:&quot;33.33%&quot;,&quot;premium_blog_grid&quot;:&quot;yes&quot;,&quot;premium_blog_layout&quot;:&quot;even&quot;,&quot;premium_blog_columns_number_tablet&quot;:&quot;50%&quot;,&quot;premium_blog_columns_number_mobile&quot;:&quot;100%&quot;,&quot;scroll_to_offset&quot;:&quot;yes&quot;}\" data-widget_type=\"premium-addon-blog.default\">\n\t\t\t\t<div class=\"elementor-widget-container\">\n\t\t\t\t\t\r\n\t\t\r\n\r\n\t\t\t\t<div class=\"premium-blog-wrap  premium-blog-even\" data-page=\"7262\">\r\n\t\t\t\t\t\t\t\t\t<div class=\"premium-blog-post-outer-container\" data-total=\"1\">\r\n\t\t\t<div class=\"premium-blog-post-container premium-blog-skin-classic\">\r\n\t\t\t\t\t\t\t\t\t<div class=\"premium-blog-thumb-effect-wrapper\">\r\n\t\t\t\t\t\t<div class=\"premium-blog-thumbnail-container premium-blog-none-effect\">\r\n\t\t\t\t\t\t\t<img fetchpriority=\"high\" decoding=\"async\" width=\"1140\" height=\"885\" src=\"https:\/\/bitewithzest.com\/wp-content\/uploads\/2024\/04\/post_opener5.jpg\" class=\"attachment-full size-full wp-image-7181\" alt=\"\" srcset=\"https:\/\/bitewithzest.com\/wp-content\/uploads\/2024\/04\/post_opener5.jpg 1140w, https:\/\/bitewithzest.com\/wp-content\/uploads\/2024\/04\/post_opener5-300x233.jpg 300w, https:\/\/bitewithzest.com\/wp-content\/uploads\/2024\/04\/post_opener5-1024x795.jpg 1024w, https:\/\/bitewithzest.com\/wp-content\/uploads\/2024\/04\/post_opener5-768x596.jpg 768w, https:\/\/bitewithzest.com\/wp-content\/uploads\/2024\/04\/post_opener5-15x12.jpg 15w, https:\/\/bitewithzest.com\/wp-content\/uploads\/2024\/04\/post_opener5-600x466.jpg 600w\" sizes=\"(max-width: 1140px) 100vw, 1140px\" \/>\t\t\t\t\t\t<\/div>\r\n\t\t\t\t\t\t\t\t\t\t\t\t\t<div class=\"premium-blog-thumbnail-overlay\">\r\n\t\t\t\t\t\t\t\t<a class=\"elementor-icon\" href=\"https:\/\/bitewithzest.com\/de\/grunde-fur-eine-vegane-lebensweise\/\" target=\"_self\"><\/a>\r\n\t\t\t\t\t\t\t<\/div>\r\n\r\n\t\t\t\t\t\t\t\t\t\t\t\t\t\t\t\t\t\t<\/div>\r\n\t\t\t\t\t\t\t\t\t\t\t\t<div class=\"premium-blog-content-wrapper \">\r\n\r\n\t\t\t\t\t<div class=\"premium-blog-inner-container\">\r\n\r\n\t\t\t\t\t\t\t\t\t\t\t\t\t\t<h2 class=\"premium-blog-entry-title\">\r\n\t\t\t<a href=\"https:\/\/bitewithzest.com\/de\/grunde-fur-eine-vegane-lebensweise\/\" target=\"_self\">\r\n\t\t\t\tGr\u00fcnde f\u00fcr eine vegane Lebensweise\t\t\t<\/a>\r\n\t\t<\/h2>\r\n\t\t\t\t<div class=\"premium-blog-entry-meta\">\r\n\t\t\t\r\n\t\t\t\r\n\t\t\t\r\n\t\t\t\t\t<\/div>\r\n\t\t\r\n\t\t\t\t\t<\/div>\r\n\r\n\t\t\t\t\t\t\t<div class=\"premium-blog-content-inner-wrapper\">\r\n\t\t<p class=\"premium-blog-post-content\">VEGANER LEBENSSTIL Wenn sich jemand f\u00fcr einen veganen Lebensstil entscheidet, liegt das wahrscheinlich daran, dass er begonnen hat, sich Fragen \u00fcber Gesundheit, \u00d6kologie, Ethik und Tierleid zu stellen, hunger....<\/p>\t\t<\/div>\r\n\t\t\t\t\t\t\t\r\n\t\t\t\t<\/div>\r\n\t\t\t<\/div>\r\n\t\t<\/div>\r\n\r\n\t\t\t\t<div class=\"premium-blog-post-outer-container\" data-total=\"1\">\r\n\t\t\t<div class=\"premium-blog-post-container premium-blog-skin-classic\">\r\n\t\t\t\t\t\t\t\t\t<div class=\"premium-blog-thumb-effect-wrapper\">\r\n\t\t\t\t\t\t<div class=\"premium-blog-thumbnail-container premium-blog-none-effect\">\r\n\t\t\t\t\t\t\t<img decoding=\"async\" width=\"1000\" height=\"667\" src=\"https:\/\/bitewithzest.com\/wp-content\/uploads\/2024\/04\/post_opener24-1.jpg\" class=\"attachment-full size-full wp-image-7186\" alt=\"\" srcset=\"https:\/\/bitewithzest.com\/wp-content\/uploads\/2024\/04\/post_opener24-1.jpg 1000w, https:\/\/bitewithzest.com\/wp-content\/uploads\/2024\/04\/post_opener24-1-300x200.jpg 300w, https:\/\/bitewithzest.com\/wp-content\/uploads\/2024\/04\/post_opener24-1-768x512.jpg 768w, https:\/\/bitewithzest.com\/wp-content\/uploads\/2024\/04\/post_opener24-1-18x12.jpg 18w, https:\/\/bitewithzest.com\/wp-content\/uploads\/2024\/04\/post_opener24-1-600x400.jpg 600w\" sizes=\"(max-width: 1000px) 100vw, 1000px\" \/>\t\t\t\t\t\t<\/div>\r\n\t\t\t\t\t\t\t\t\t\t\t\t\t<div class=\"premium-blog-thumbnail-overlay\">\r\n\t\t\t\t\t\t\t\t<a class=\"elementor-icon\" href=\"https:\/\/bitewithzest.com\/de\/wie-kann-ich-mit-der-planung-pflanzlicher-mahlzeiten-beginnen\/\" target=\"_self\"><\/a>\r\n\t\t\t\t\t\t\t<\/div>\r\n\r\n\t\t\t\t\t\t\t\t\t\t\t\t\t\t\t\t\t\t<\/div>\r\n\t\t\t\t\t\t\t\t\t\t\t\t<div class=\"premium-blog-content-wrapper \">\r\n\r\n\t\t\t\t\t<div class=\"premium-blog-inner-container\">\r\n\r\n\t\t\t\t\t\t\t\t\t\t\t\t\t\t<h2 class=\"premium-blog-entry-title\">\r\n\t\t\t<a href=\"https:\/\/bitewithzest.com\/de\/wie-kann-ich-mit-der-planung-pflanzlicher-mahlzeiten-beginnen\/\" target=\"_self\">\r\n\t\t\t\tWie kann ich mit der Planung pflanzlicher Mahlzeiten beginnen?\t\t\t<\/a>\r\n\t\t<\/h2>\r\n\t\t\t\t<div class=\"premium-blog-entry-meta\">\r\n\t\t\t\r\n\t\t\t\r\n\t\t\t\r\n\t\t\t\t\t<\/div>\r\n\t\t\r\n\t\t\t\t\t<\/div>\r\n\r\n\t\t\t\t\t\t\t<div class=\"premium-blog-content-inner-wrapper\">\r\n\t\t<p class=\"premium-blog-post-content\">PFLANZENBASIERT. Das ist nicht schwer. Es braucht nur ein wenig Organisation und Vertrautheit mit den M\u00f6glichkeiten dieser Art von Ern\u00e4hrung. Scheuen Sie sich nicht, in der K\u00fcche zu experimentieren.<\/p>\t\t<\/div>\r\n\t\t\t\t\t\t\t\r\n\t\t\t\t<\/div>\r\n\t\t\t<\/div>\r\n\t\t<\/div>\r\n\r\n\t\t\t\t<div class=\"premium-blog-post-outer-container\" data-total=\"1\">\r\n\t\t\t<div class=\"premium-blog-post-container premium-blog-skin-classic\">\r\n\t\t\t\t\t\t\t\t\t<div class=\"premium-blog-thumb-effect-wrapper\">\r\n\t\t\t\t\t\t<div class=\"premium-blog-thumbnail-container premium-blog-none-effect\">\r\n\t\t\t\t\t\t\t<img decoding=\"async\" width=\"1200\" height=\"628\" src=\"https:\/\/bitewithzest.com\/wp-content\/uploads\/2024\/04\/post_opener30.jpg\" class=\"attachment-full size-full wp-image-7203\" alt=\"\" srcset=\"https:\/\/bitewithzest.com\/wp-content\/uploads\/2024\/04\/post_opener30.jpg 1200w, https:\/\/bitewithzest.com\/wp-content\/uploads\/2024\/04\/post_opener30-300x157.jpg 300w, https:\/\/bitewithzest.com\/wp-content\/uploads\/2024\/04\/post_opener30-1024x536.jpg 1024w, https:\/\/bitewithzest.com\/wp-content\/uploads\/2024\/04\/post_opener30-768x402.jpg 768w, https:\/\/bitewithzest.com\/wp-content\/uploads\/2024\/04\/post_opener30-18x9.jpg 18w, https:\/\/bitewithzest.com\/wp-content\/uploads\/2024\/04\/post_opener30-600x314.jpg 600w\" sizes=\"(max-width: 1200px) 100vw, 1200px\" \/>\t\t\t\t\t\t<\/div>\r\n\t\t\t\t\t\t\t\t\t\t\t\t\t<div class=\"premium-blog-thumbnail-overlay\">\r\n\t\t\t\t\t\t\t\t<a class=\"elementor-icon\" href=\"https:\/\/bitewithzest.com\/de\/grose-vegane-athleten-uber-pflanzliche-ernahrung-frauen\/\" target=\"_self\"><\/a>\r\n\t\t\t\t\t\t\t<\/div>\r\n\r\n\t\t\t\t\t\t\t\t\t\t\t\t\t\t\t\t\t\t<\/div>\r\n\t\t\t\t\t\t\t\t\t\t\t\t<div class=\"premium-blog-content-wrapper \">\r\n\r\n\t\t\t\t\t<div class=\"premium-blog-inner-container\">\r\n\r\n\t\t\t\t\t\t\t\t\t\t\t\t\t\t<h2 class=\"premium-blog-entry-title\">\r\n\t\t\t<a href=\"https:\/\/bitewithzest.com\/de\/grose-vegane-athleten-uber-pflanzliche-ernahrung-frauen\/\" target=\"_self\">\r\n\t\t\t\tGro\u00dfe vegane Athleten \u00fcber pflanzliche Ern\u00e4hrung &#8211; Frauen\t\t\t<\/a>\r\n\t\t<\/h2>\r\n\t\t\t\t<div class=\"premium-blog-entry-meta\">\r\n\t\t\t\r\n\t\t\t\r\n\t\t\t\r\n\t\t\t\t\t<\/div>\r\n\t\t\r\n\t\t\t\t\t<\/div>\r\n\r\n\t\t\t\t\t\t\t<div class=\"premium-blog-content-inner-wrapper\">\r\n\t\t<p class=\"premium-blog-post-content\">WEIBLICHE ELITESPORTLER. Die Leute denken, dass Veganismus und Sport nicht Hand in Hand gehen k\u00f6nnen. Hier sind Sportlerinnen, die sich pflanzlich ern\u00e4hren und ihren Sport absolut dominieren.<\/p>\t\t<\/div>\r\n\t\t\t\t\t\t\t\r\n\t\t\t\t<\/div>\r\n\t\t\t<\/div>\r\n\t\t<\/div>\r\n\r\n\t\t\t\t<div class=\"premium-blog-post-outer-container\" data-total=\"1\">\r\n\t\t\t<div class=\"premium-blog-post-container premium-blog-skin-classic\">\r\n\t\t\t\t\t\t\t\t\t<div class=\"premium-blog-thumb-effect-wrapper\">\r\n\t\t\t\t\t\t<div class=\"premium-blog-thumbnail-container premium-blog-none-effect\">\r\n\t\t\t\t\t\t\t<img loading=\"lazy\" decoding=\"async\" width=\"1000\" height=\"667\" src=\"https:\/\/bitewithzest.com\/wp-content\/uploads\/2024\/04\/post_opener27-1.jpg\" class=\"attachment-full size-full wp-image-7206\" alt=\"\" srcset=\"https:\/\/bitewithzest.com\/wp-content\/uploads\/2024\/04\/post_opener27-1.jpg 1000w, https:\/\/bitewithzest.com\/wp-content\/uploads\/2024\/04\/post_opener27-1-300x200.jpg 300w, https:\/\/bitewithzest.com\/wp-content\/uploads\/2024\/04\/post_opener27-1-768x512.jpg 768w, https:\/\/bitewithzest.com\/wp-content\/uploads\/2024\/04\/post_opener27-1-18x12.jpg 18w, https:\/\/bitewithzest.com\/wp-content\/uploads\/2024\/04\/post_opener27-1-600x400.jpg 600w\" sizes=\"(max-width: 1000px) 100vw, 1000px\" \/>\t\t\t\t\t\t<\/div>\r\n\t\t\t\t\t\t\t\t\t\t\t\t\t<div class=\"premium-blog-thumbnail-overlay\">\r\n\t\t\t\t\t\t\t\t<a class=\"elementor-icon\" href=\"https:\/\/bitewithzest.com\/de\/pflanzliche-grundnahrungsmittel\/\" target=\"_self\"><\/a>\r\n\t\t\t\t\t\t\t<\/div>\r\n\r\n\t\t\t\t\t\t\t\t\t\t\t\t\t\t\t\t\t\t<\/div>\r\n\t\t\t\t\t\t\t\t\t\t\t\t<div class=\"premium-blog-content-wrapper \">\r\n\r\n\t\t\t\t\t<div class=\"premium-blog-inner-container\">\r\n\r\n\t\t\t\t\t\t\t\t\t\t\t\t\t\t<h2 class=\"premium-blog-entry-title\">\r\n\t\t\t<a href=\"https:\/\/bitewithzest.com\/de\/pflanzliche-grundnahrungsmittel\/\" target=\"_self\">\r\n\t\t\t\tPflanzliche Grundnahrungsmittel\t\t\t<\/a>\r\n\t\t<\/h2>\r\n\t\t\t\t<div class=\"premium-blog-entry-meta\">\r\n\t\t\t\r\n\t\t\t\r\n\t\t\t\r\n\t\t\t\t\t<\/div>\r\n\t\t\r\n\t\t\t\t\t<\/div>\r\n\r\n\t\t\t\t\t\t\t<div class=\"premium-blog-content-inner-wrapper\">\r\n\t\t<p class=\"premium-blog-post-content\">VEGANE ZUTATEN. Wenn Sie eine vegane Mahlzeit zubereiten m\u00f6chten, m\u00fcssen Sie kein spezielles veganes Produkt kaufen. Es ist nur notwendig, gesunde Lebensmittel zu verwenden. Hier erkl\u00e4ren wir, was die...<\/p>\t\t<\/div>\r\n\t\t\t\t\t\t\t\r\n\t\t\t\t<\/div>\r\n\t\t\t<\/div>\r\n\t\t<\/div>\r\n\r\n\t\t\t\t<div class=\"premium-blog-post-outer-container\" data-total=\"1\">\r\n\t\t\t<div class=\"premium-blog-post-container premium-blog-skin-classic\">\r\n\t\t\t\t\t\t\t\t\t<div class=\"premium-blog-thumb-effect-wrapper\">\r\n\t\t\t\t\t\t<div class=\"premium-blog-thumbnail-container premium-blog-none-effect\">\r\n\t\t\t\t\t\t\t<img loading=\"lazy\" decoding=\"async\" width=\"650\" height=\"400\" src=\"https:\/\/bitewithzest.com\/wp-content\/uploads\/2024\/04\/post_opener7-1.jpg\" class=\"attachment-full size-full wp-image-7202\" alt=\"\" srcset=\"https:\/\/bitewithzest.com\/wp-content\/uploads\/2024\/04\/post_opener7-1.jpg 650w, https:\/\/bitewithzest.com\/wp-content\/uploads\/2024\/04\/post_opener7-1-600x369.jpg 600w, https:\/\/bitewithzest.com\/wp-content\/uploads\/2024\/04\/post_opener7-1-300x185.jpg 300w, https:\/\/bitewithzest.com\/wp-content\/uploads\/2024\/04\/post_opener7-1-18x12.jpg 18w\" sizes=\"(max-width: 650px) 100vw, 650px\" \/>\t\t\t\t\t\t<\/div>\r\n\t\t\t\t\t\t\t\t\t\t\t\t\t<div class=\"premium-blog-thumbnail-overlay\">\r\n\t\t\t\t\t\t\t\t<a class=\"elementor-icon\" href=\"https:\/\/bitewithzest.com\/de\/nahrstoffbedarf-bei-einer-pflanzlichen-ernahrung\/\" target=\"_self\"><\/a>\r\n\t\t\t\t\t\t\t<\/div>\r\n\r\n\t\t\t\t\t\t\t\t\t\t\t\t\t\t\t\t\t\t<\/div>\r\n\t\t\t\t\t\t\t\t\t\t\t\t<div class=\"premium-blog-content-wrapper \">\r\n\r\n\t\t\t\t\t<div class=\"premium-blog-inner-container\">\r\n\r\n\t\t\t\t\t\t\t\t\t\t\t\t\t\t<h2 class=\"premium-blog-entry-title\">\r\n\t\t\t<a href=\"https:\/\/bitewithzest.com\/de\/nahrstoffbedarf-bei-einer-pflanzlichen-ernahrung\/\" target=\"_self\">\r\n\t\t\t\tN\u00e4hrstoffbedarf bei einer pflanzlichen Ern\u00e4hrung\t\t\t<\/a>\r\n\t\t<\/h2>\r\n\t\t\t\t<div class=\"premium-blog-entry-meta\">\r\n\t\t\t\r\n\t\t\t\r\n\t\t\t\r\n\t\t\t\t\t<\/div>\r\n\t\t\r\n\t\t\t\t\t<\/div>\r\n\r\n\t\t\t\t\t\t\t<div class=\"premium-blog-content-inner-wrapper\">\r\n\t\t<p class=\"premium-blog-post-content\">VEGANE ZUTATEN. Wenn Sie eine vegane Mahlzeit zubereiten m\u00f6chten, m\u00fcssen Sie kein spezielles veganes Produkt kaufen. Es ist nur notwendig, gesunde Lebensmittel zu verwenden. Hier erkl\u00e4ren wir, was die...<\/p>\t\t<\/div>\r\n\t\t\t\t\t\t\t\r\n\t\t\t\t<\/div>\r\n\t\t\t<\/div>\r\n\t\t<\/div>\r\n\r\n\t\t\t\t\t\t\t<\/div>\r\n\r\n\t\t\r\n\t\t\r\n\t\t\t\t\t\t<\/div>\n\t\t\t\t<\/div>\n\t\t\t\t<\/div>\n\t\t\t\t<div class=\"elementor-element elementor-element-8b5a4cf elementor-absolute elementor-widget__width-auto elementor-widget elementor-widget-image\" data-id=\"8b5a4cf\" data-element_type=\"widget\" data-e-type=\"widget\" data-settings=\"{&quot;_position&quot;:&quot;absolute&quot;}\" data-widget_type=\"image.default\">\n\t\t\t\t<div class=\"elementor-widget-container\">\n\t\t\t\t\t\t\t\t\t\t\t\t\t\t\t<img loading=\"lazy\" decoding=\"async\" width=\"789\" height=\"507\" src=\"https:\/\/bitewithzest.com\/wp-content\/uploads\/2024\/04\/basil-10-2.png\" class=\"attachment-large size-large wp-image-7263\" alt=\"\" srcset=\"https:\/\/bitewithzest.com\/wp-content\/uploads\/2024\/04\/basil-10-2.png 789w, https:\/\/bitewithzest.com\/wp-content\/uploads\/2024\/04\/basil-10-2-300x193.png 300w, https:\/\/bitewithzest.com\/wp-content\/uploads\/2024\/04\/basil-10-2-768x494.png 768w, https:\/\/bitewithzest.com\/wp-content\/uploads\/2024\/04\/basil-10-2-18x12.png 18w, https:\/\/bitewithzest.com\/wp-content\/uploads\/2024\/04\/basil-10-2-600x386.png 600w\" sizes=\"(max-width: 789px) 100vw, 789px\" \/>\t\t\t\t\t\t\t\t\t\t\t\t\t\t\t<\/div>\n\t\t\t\t<\/div>\n\t\t\t\t<\/div>\n\t\t\t\t\t<\/div>\n\t\t\t\t<\/div>\n\t\t\t\t<\/div>\n\t\t","protected":false},"excerpt":{"rendered":"<p>Pflanzlicher Lebensstil Reasons to go vegan Reasons to go vegan VEGAN LIFESTYLE When somebody decides for a vegan lifestyle, it [&hellip;]<\/p>\n","protected":false},"author":2,"featured_media":0,"parent":0,"menu_order":0,"comment_status":"closed","ping_status":"closed","template":"","meta":{"site-sidebar-layout":"no-sidebar","site-content-layout":"","ast-site-content-layout":"full-width-container","site-content-style":"default","site-sidebar-style":"default","ast-global-header-display":"","ast-banner-title-visibility":"","ast-main-header-display":"","ast-hfb-above-header-display":"","ast-hfb-below-header-display":"","ast-hfb-mobile-header-display":"","site-post-title":"disabled","ast-breadcrumbs-content":"","ast-featured-img":"disabled","footer-sml-layout":"","theme-transparent-header-meta":"","adv-header-id-meta":"","stick-header-meta":"","header-above-stick-meta":"","header-main-stick-meta":"","header-below-stick-meta":"","astra-migrate-meta-layouts":"default","ast-page-background-enabled":"default","ast-page-background-meta":{"desktop":{"background-color":"var(--ast-global-color-4)","background-image":"","background-repeat":"repeat","background-position":"center center","background-size":"auto","background-attachment":"scroll","background-type":"","background-media":"","overlay-type":"","overlay-color":"","overlay-gradient":""},"tablet":{"background-color":"","background-image":"","background-repeat":"repeat","background-position":"center center","background-size":"auto","background-attachment":"scroll","background-type":"","background-media":"","overlay-type":"","overlay-color":"","overlay-gradient":""},"mobile":{"background-color":"","background-image":"","background-repeat":"repeat","background-position":"center center","background-size":"auto","background-attachment":"scroll","background-type":"","background-media":"","overlay-type":"","overlay-color":"","overlay-gradient":""}},"ast-content-background-meta":{"desktop":{"background-color":"var(--ast-global-color-5)","background-image":"","background-repeat":"repeat","background-position":"center center","background-size":"auto","background-attachment":"scroll","background-type":"","background-media":"","overlay-type":"","overlay-color":"","overlay-gradient":""},"tablet":{"background-color":"var(--ast-global-color-5)","background-image":"","background-repeat":"repeat","background-position":"center center","background-size":"auto","background-attachment":"scroll","background-type":"","background-media":"","overlay-type":"","overlay-color":"","overlay-gradient":""},"mobile":{"background-color":"var(--ast-global-color-5)","background-image":"","background-repeat":"repeat","background-position":"center center","background-size":"auto","background-attachment":"scroll","background-type":"","background-media":"","overlay-type":"","overlay-color":"","overlay-gradient":""}},"footnotes":""},"class_list":["post-7262","page","type-page","status-publish","hentry"],"_links":{"self":[{"href":"https:\/\/bitewithzest.com\/de\/wp-json\/wp\/v2\/pages\/7262","targetHints":{"allow":["GET"]}}],"collection":[{"href":"https:\/\/bitewithzest.com\/de\/wp-json\/wp\/v2\/pages"}],"about":[{"href":"https:\/\/bitewithzest.com\/de\/wp-json\/wp\/v2\/types\/page"}],"author":[{"embeddable":true,"href":"https:\/\/bitewithzest.com\/de\/wp-json\/wp\/v2\/users\/2"}],"replies":[{"embeddable":true,"href":"https:\/\/bitewithzest.com\/de\/wp-json\/wp\/v2\/comments?post=7262"}],"version-history":[{"count":6,"href":"https:\/\/bitewithzest.com\/de\/wp-json\/wp\/v2\/pages\/7262\/revisions"}],"predecessor-version":[{"id":11012,"href":"https:\/\/bitewithzest.com\/de\/wp-json\/wp\/v2\/pages\/7262\/revisions\/11012"}],"wp:attachment":[{"href":"https:\/\/bitewithzest.com\/de\/wp-json\/wp\/v2\/media?parent=7262"}],"curies":[{"name":"wp","href":"https:\/\/api.w.org\/{rel}","templated":true}]}}