{"id":7256,"date":"2024-04-20T12:01:18","date_gmt":"2024-04-20T12:01:18","guid":{"rendered":"https:\/\/mxf.bnu.mybluehost.me\/website_ca2667c8\/httpdocs\/cookie-richtlinie\/"},"modified":"2024-06-15T10:14:24","modified_gmt":"2024-06-15T10:14:24","slug":"cookie-richtlinie","status":"publish","type":"page","link":"https:\/\/bitewithzest.com\/de\/cookie-richtlinie\/","title":{"rendered":"Cookie-Richtlinie"},"content":{"rendered":"\t\t<div data-elementor-type=\"wp-page\" data-elementor-id=\"7256\" class=\"elementor elementor-7256 elementor-1100\" data-elementor-post-type=\"page\">\n\t\t\t\t<div class=\"elementor-element elementor-element-205968e e-con-full e-flex e-con e-parent\" data-id=\"205968e\" data-element_type=\"container\" data-e-type=\"container\">\n\t\t<div class=\"elementor-element elementor-element-8aa0325 e-flex e-con-boxed e-con e-child\" data-id=\"8aa0325\" data-element_type=\"container\" data-e-type=\"container\">\n\t\t\t\t\t<div class=\"e-con-inner\">\n\t\t\t\t<div class=\"elementor-element elementor-element-a362ee1 elementor-widget elementor-widget-heading\" data-id=\"a362ee1\" data-element_type=\"widget\" data-e-type=\"widget\" data-widget_type=\"heading.default\">\n\t\t\t\t<div class=\"elementor-widget-container\">\n\t\t\t\t\t<h2 class=\"elementor-heading-title elementor-size-default\">Keks<\/h2>\t\t\t\t<\/div>\n\t\t\t\t<\/div>\n\t\t\t\t<div class=\"elementor-element elementor-element-4219bed elementor-widget elementor-widget-heading\" data-id=\"4219bed\" data-element_type=\"widget\" data-e-type=\"widget\" data-widget_type=\"heading.default\">\n\t\t\t\t<div class=\"elementor-widget-container\">\n\t\t\t\t\t<h2 class=\"elementor-heading-title elementor-size-default\">Politik<\/h2>\t\t\t\t<\/div>\n\t\t\t\t<\/div>\n\t\t\t\t\t<\/div>\n\t\t\t\t<\/div>\n\t\t\t\t<\/div>\n\t\t<div class=\"elementor-element elementor-element-5705619 e-con-full e-flex e-con e-parent\" data-id=\"5705619\" data-element_type=\"container\" data-e-type=\"container\">\n\t\t<div class=\"elementor-element elementor-element-003a751 e-flex e-con-boxed e-con e-child\" data-id=\"003a751\" data-element_type=\"container\" data-e-type=\"container\">\n\t\t\t\t\t<div class=\"e-con-inner\">\n\t\t\t\t<div class=\"elementor-element elementor-element-4795762 elementor-widget elementor-widget-heading\" data-id=\"4795762\" data-element_type=\"widget\" data-e-type=\"widget\" data-widget_type=\"heading.default\">\n\t\t\t\t<div class=\"elementor-widget-container\">\n\t\t\t\t\t<h2 class=\"elementor-heading-title elementor-size-default\">1. Was ist ein Cookie?<\/h2>\t\t\t\t<\/div>\n\t\t\t\t<\/div>\n\t\t\t\t<div class=\"elementor-element elementor-element-5f47303 elementor-widget elementor-widget-text-editor\" data-id=\"5f47303\" data-element_type=\"widget\" data-e-type=\"widget\" data-widget_type=\"text-editor.default\">\n\t\t\t\t<div class=\"elementor-widget-container\">\n\t\t\t\t\t\t\t\t\t<p>Cookies sind kleine Textdateien, die auf Ihren Computer oder Ihr mobiles Ger\u00e4t (z. B. Smartphone oder Tablet) heruntergeladen werden, wenn Sie unsere Websites besuchen. Ein Cookie enth\u00e4lt in der Regel den Namen der Website, die es gesetzt hat, die Lebensdauer des Cookies (d.h. den Zeitraum, in dem das Cookie auf Ihrem Ger\u00e4t verbleibt) und einen Wert, bei dem es sich in der Regel um eine zuf\u00e4llig generierte eindeutige Nummer handelt.<\/p>\n\t\t\t\t\t\t\t\t<\/div>\n\t\t\t\t<\/div>\n\t\t\t\t\t<\/div>\n\t\t\t\t<\/div>\n\t\t\t\t<\/div>\n\t\t<div class=\"elementor-element elementor-element-376de3a e-con-full e-flex e-con e-parent\" data-id=\"376de3a\" data-element_type=\"container\" data-e-type=\"container\">\n\t\t<div class=\"elementor-element elementor-element-b7cc610 e-flex e-con-boxed e-con e-child\" data-id=\"b7cc610\" data-element_type=\"container\" data-e-type=\"container\">\n\t\t\t\t\t<div class=\"e-con-inner\">\n\t\t\t\t<div class=\"elementor-element elementor-element-6f30c1d elementor-widget elementor-widget-heading\" data-id=\"6f30c1d\" data-element_type=\"widget\" data-e-type=\"widget\" data-widget_type=\"heading.default\">\n\t\t\t\t<div class=\"elementor-widget-container\">\n\t\t\t\t\t<h2 class=\"elementor-heading-title elementor-size-default\">2. Wozu verwenden wir Cookies?<\/h2>\t\t\t\t<\/div>\n\t\t\t\t<\/div>\n\t\t\t\t<div class=\"elementor-element elementor-element-6de2f36 elementor-widget elementor-widget-text-editor\" data-id=\"6de2f36\" data-element_type=\"widget\" data-e-type=\"widget\" data-widget_type=\"text-editor.default\">\n\t\t\t\t<div class=\"elementor-widget-container\">\n\t\t\t\t\t\t\t\t\t<p>Wir verwenden Cookies, um die Nutzung unserer Websites zu erleichtern und um die Websites und unsere Produkte besser auf Ihre Interessen und Bed\u00fcrfnisse abzustimmen. Cookies k\u00f6nnen dies tun, weil Websites diese Dateien lesen und schreiben k\u00f6nnen. Dies erm\u00f6glicht es ihnen, Sie zu erkennen und wichtige Informationen zu speichern, die Ihnen die Nutzung einer Website erleichtern (z. B. durch Speicherung Ihrer bevorzugten Einstellungen).<\/p>\n<p>Cookies k\u00f6nnen auch verwendet werden, um Ihnen zu helfen, Aktivit\u00e4ten auf unseren Websites in Zukunft schneller abzuschlie\u00dfen. Dar\u00fcber hinaus verwenden wir Cookies, um anonyme, aggregierte Statistiken zu erstellen, die uns einen Einblick in das Nutzerverhalten der Besucher unserer Websites geben und uns helfen, die Struktur und den Inhalt unserer Websites zu verbessern. Die Informationen in Cookies erm\u00f6glichen es uns nicht, Sie pers\u00f6nlich zu identifizieren.<\/p>\n\t\t\t\t\t\t\t\t<\/div>\n\t\t\t\t<\/div>\n\t\t\t\t\t<\/div>\n\t\t\t\t<\/div>\n\t\t\t\t<\/div>\n\t\t<div class=\"elementor-element elementor-element-848d297 e-con-full e-flex e-con e-parent\" data-id=\"848d297\" data-element_type=\"container\" data-e-type=\"container\">\n\t\t<div class=\"elementor-element elementor-element-279963e e-flex e-con-boxed e-con e-child\" data-id=\"279963e\" data-element_type=\"container\" data-e-type=\"container\">\n\t\t\t\t\t<div class=\"e-con-inner\">\n\t\t\t\t<div class=\"elementor-element elementor-element-f1f816a elementor-widget elementor-widget-heading\" data-id=\"f1f816a\" data-element_type=\"widget\" data-e-type=\"widget\" data-widget_type=\"heading.default\">\n\t\t\t\t<div class=\"elementor-widget-container\">\n\t\t\t\t\t<h2 class=\"elementor-heading-title elementor-size-default\">3. Welche Arten von Cookies gibt es?\n<\/h2>\t\t\t\t<\/div>\n\t\t\t\t<\/div>\n\t\t\t\t<div class=\"elementor-element elementor-element-8999c2b elementor-widget elementor-widget-text-editor\" data-id=\"8999c2b\" data-element_type=\"widget\" data-e-type=\"widget\" data-widget_type=\"text-editor.default\">\n\t\t\t\t<div class=\"elementor-widget-container\">\n\t\t\t\t\t\t\t\t\t<p>Auf den Websites k\u00f6nnen zwei verschiedene Arten von Cookies verwendet werden: sogenannte &#8222;Session-Cookies&#8220; und &#8222;permanente Cookies&#8220;. Session-Cookies sind tempor\u00e4re Cookies, die auf Ihrem Ger\u00e4t verbleiben, bis Sie die Website verlassen. Ein permanenter Cookie hingegen verbleibt f\u00fcr eine bestimmte Zeit auf Ihrem Ger\u00e4t, nachdem Sie die Website verlassen haben oder bis Sie ihn manuell l\u00f6schen (wie lange ein Cookie auf Ihrem Ger\u00e4t verbleibt, h\u00e4ngt von der &#8222;Lebensdauer&#8220; dieses Cookies ab).<\/p>\n\t\t\t\t\t\t\t\t<\/div>\n\t\t\t\t<\/div>\n\t\t\t\t\t<\/div>\n\t\t\t\t<\/div>\n\t\t\t\t<\/div>\n\t\t<div class=\"elementor-element elementor-element-6d1c9e0 e-con-full e-flex e-con e-parent\" data-id=\"6d1c9e0\" data-element_type=\"container\" data-e-type=\"container\">\n\t\t<div class=\"elementor-element elementor-element-06cc691 e-flex e-con-boxed e-con e-child\" data-id=\"06cc691\" data-element_type=\"container\" data-e-type=\"container\">\n\t\t\t\t\t<div class=\"e-con-inner\">\n\t\t\t\t<div class=\"elementor-element elementor-element-88bc6bc elementor-widget elementor-widget-heading\" data-id=\"88bc6bc\" data-element_type=\"widget\" data-e-type=\"widget\" data-widget_type=\"heading.default\">\n\t\t\t\t<div class=\"elementor-widget-container\">\n\t\t\t\t\t<h2 class=\"elementor-heading-title elementor-size-default\">4. Welche Arten von Cookies verwenden wir?\n<\/h2>\t\t\t\t<\/div>\n\t\t\t\t<\/div>\n\t\t\t\t<div class=\"elementor-element elementor-element-7c6f61e elementor-widget elementor-widget-text-editor\" data-id=\"7c6f61e\" data-element_type=\"widget\" data-e-type=\"widget\" data-widget_type=\"text-editor.default\">\n\t\t\t\t<div class=\"elementor-widget-container\">\n\t\t\t\t\t\t\t\t\t<p>Im Folgenden sind verschiedene Arten von Cookies aufgef\u00fchrt, die verwendet werden k\u00f6nnen, wenn Sie unsere Seite besuchen.<\/p>\n<p>Cookies von Dritten:<br \/>Wir arbeiten auch mit verschiedenen Dienstleistern zusammen, die ebenfalls Cookies f\u00fcr uns auf Ihrem Ger\u00e4t ablegen k\u00f6nnen, wenn Sie unsere Websites besuchen. Wenn Sie weitere Informationen \u00fcber diese Cookies w\u00fcnschen, kontaktieren Sie uns bitte.<\/p>\n<p>Erstanbieter-Cookies:<br \/>Wir verwenden Erstanbieter-Cookies, um Ihnen ein reibungsloses Besuchererlebnis zu bieten. Diese Cookies sind f\u00fcr das Funktionieren unserer Website erforderlich und k\u00f6nnen in unseren Systemen nicht ausgeschaltet werden.<\/p>\n<p>Sie k\u00f6nnen Ihren Browser so einstellen, dass Cookies blockiert werden oder dass Sie eine Benachrichtigung dar\u00fcber erhalten; wenn Sie dies tun, k\u00f6nnen Sie unsere Website jedoch m\u00f6glicherweise nicht vollst\u00e4ndig nutzen. Diese Cookies speichern keine pers\u00f6nlichen Daten.<\/p>\n<p>\u00dcbersicht \u00fcber essentielle Cookies\/Provider-Cookies:<\/p>\n<p>Session-Cookies:<br \/>Diese Cookies erm\u00f6glichen die Nutzung der Funktion unseres Bestellscripts. Wenn eine Browser-&#8222;Sitzung&#8220; endet, werden alle gespeicherten Cookies gel\u00f6scht.<\/p>\n<p>Performance Cookies:<br \/>Performance-Cookies sammeln anonyme Daten, die Informationen \u00fcber die Leistung unserer Website liefern.<\/p>\n<p>Wir verwenden Google Analytics.<\/p>\n<p>M\u00f6chten Sie weitere Informationen \u00fcber Cookies? Besuchen Sie www.allaboutcookies.org.<\/p>\n\t\t\t\t\t\t\t\t<\/div>\n\t\t\t\t<\/div>\n\t\t\t\t\t<\/div>\n\t\t\t\t<\/div>\n\t\t\t\t<\/div>\n\t\t<div class=\"elementor-element elementor-element-f92da88 e-con-full e-flex e-con e-parent\" data-id=\"f92da88\" data-element_type=\"container\" data-e-type=\"container\">\n\t\t<div class=\"elementor-element elementor-element-dcd451c e-flex e-con-boxed e-con e-child\" data-id=\"dcd451c\" data-element_type=\"container\" data-e-type=\"container\">\n\t\t\t\t\t<div class=\"e-con-inner\">\n\t\t\t\t<div class=\"elementor-element elementor-element-efb0f19 elementor-widget elementor-widget-heading\" data-id=\"efb0f19\" data-element_type=\"widget\" data-e-type=\"widget\" data-widget_type=\"heading.default\">\n\t\t\t\t<div class=\"elementor-widget-container\">\n\t\t\t\t\t<h2 class=\"elementor-heading-title elementor-size-default\">5. Kontaktieren Sie uns\n<\/h2>\t\t\t\t<\/div>\n\t\t\t\t<\/div>\n\t\t\t\t<div class=\"elementor-element elementor-element-d45229c elementor-widget elementor-widget-text-editor\" data-id=\"d45229c\" data-element_type=\"widget\" data-e-type=\"widget\" data-widget_type=\"text-editor.default\">\n\t\t\t\t<div class=\"elementor-widget-container\">\n\t\t\t\t\t\t\t\t\t<p>Wenn Sie Fragen zu dieser Cookie-Richtlinie haben, kontaktieren Sie uns bitte unter <strong><br \/>\n  <a href=\"mailto:hello@bitewithzest.com\">hello@bitewithzest.com<\/a><br \/>\n<\/strong><\/p>\n<p>Bitte beachten Sie, dass die Kommunikation per E-Mail nicht immer sicher ist. Bitte senden Sie uns daher keine sensiblen Daten per E-Mail.<\/p>\n\t\t\t\t\t\t\t\t<\/div>\n\t\t\t\t<\/div>\n\t\t\t\t\t<\/div>\n\t\t\t\t<\/div>\n\t\t\t\t<\/div>\n\t\t<div class=\"elementor-element elementor-element-bec689a e-con-full e-flex e-con e-parent\" data-id=\"bec689a\" data-element_type=\"container\" data-e-type=\"container\">\n\t\t<div class=\"elementor-element elementor-element-9b1ebb3 e-flex e-con-boxed e-con e-child\" data-id=\"9b1ebb3\" data-element_type=\"container\" data-e-type=\"container\">\n\t\t\t\t\t<div class=\"e-con-inner\">\n\t\t\t\t<div class=\"elementor-element elementor-element-eda2859 elementor-widget elementor-widget-heading\" data-id=\"eda2859\" data-element_type=\"widget\" data-e-type=\"widget\" data-widget_type=\"heading.default\">\n\t\t\t\t<div class=\"elementor-widget-container\">\n\t\t\t\t\t<h2 class=\"elementor-heading-title elementor-size-default\">6. Hilfreiche Links\n<\/h2>\t\t\t\t<\/div>\n\t\t\t\t<\/div>\n\t\t\t\t<div class=\"elementor-element elementor-element-85c01fe elementor-widget elementor-widget-text-editor\" data-id=\"85c01fe\" data-element_type=\"widget\" data-e-type=\"widget\" data-widget_type=\"text-editor.default\">\n\t\t\t\t<div class=\"elementor-widget-container\">\n\t\t\t\t\t\t\t\t\t<p>Browserabh\u00e4ngige Hilfe f\u00fcr Cookies:<\/p>\n<p>Internet Explorer &#8211; https:\/\/support.microsoft.com\/en-gb\/topic\/how-to-delete-cookie-files-in-internet-explorer-bca9446f-d873-78de-77ba-d42645fa52fc<br \/>Chrom &#8211; https:\/\/support.google.com\/chrome\/answer\/95647<br \/>Firefox &#8211; https:\/\/support.mozilla.org\/en-US\/kb\/delete-browsing-search-download-history-firefox<br \/>Oper &#8211; https:\/\/www.opera.com\/help\/tutorials\/security\/cookies\/<br \/>Safari &#8211; https:\/\/support.apple.com\/en-gb\/guide\/safari\/sfri11471\/mac<\/p>\n\t\t\t\t\t\t\t\t<\/div>\n\t\t\t\t<\/div>\n\t\t\t\t\t<\/div>\n\t\t\t\t<\/div>\n\t\t\t\t<\/div>\n\t\t\t\t<\/div>\n\t\t","protected":false},"excerpt":{"rendered":"<p>Keks Politik 1. Was ist ein Cookie? Cookies sind kleine Textdateien, die auf Ihren Computer oder Ihr mobiles Ger\u00e4t (z. [&hellip;]<\/p>\n","protected":false},"author":2,"featured_media":0,"parent":0,"menu_order":0,"comment_status":"closed","ping_status":"closed","template":"","meta":{"site-sidebar-layout":"no-sidebar","site-content-layout":"","ast-site-content-layout":"full-width-container","site-content-style":"default","site-sidebar-style":"default","ast-global-header-display":"","ast-banner-title-visibility":"","ast-main-header-display":"","ast-hfb-above-header-display":"","ast-hfb-below-header-display":"","ast-hfb-mobile-header-display":"","site-post-title":"disabled","ast-breadcrumbs-content":"","ast-featured-img":"disabled","footer-sml-layout":"","theme-transparent-header-meta":"","adv-header-id-meta":"","stick-header-meta":"","header-above-stick-meta":"","header-main-stick-meta":"","header-below-stick-meta":"","astra-migrate-meta-layouts":"default","ast-page-background-enabled":"default","ast-page-background-meta":{"desktop":{"background-color":"var(--ast-global-color-4)","background-image":"","background-repeat":"repeat","background-position":"center center","background-size":"auto","background-attachment":"scroll","background-type":"","background-media":"","overlay-type":"","overlay-color":"","overlay-gradient":""},"tablet":{"background-color":"","background-image":"","background-repeat":"repeat","background-position":"center center","background-size":"auto","background-attachment":"scroll","background-type":"","background-media":"","overlay-type":"","overlay-color":"","overlay-gradient":""},"mobile":{"background-color":"","background-image":"","background-repeat":"repeat","background-position":"center center","background-size":"auto","background-attachment":"scroll","background-type":"","background-media":"","overlay-type":"","overlay-color":"","overlay-gradient":""}},"ast-content-background-meta":{"desktop":{"background-color":"var(--ast-global-color-5)","background-image":"","background-repeat":"repeat","background-position":"center center","background-size":"auto","background-attachment":"scroll","background-type":"","background-media":"","overlay-type":"","overlay-color":"","overlay-gradient":""},"tablet":{"background-color":"var(--ast-global-color-5)","background-image":"","background-repeat":"repeat","background-position":"center center","background-size":"auto","background-attachment":"scroll","background-type":"","background-media":"","overlay-type":"","overlay-color":"","overlay-gradient":""},"mobile":{"background-color":"var(--ast-global-color-5)","background-image":"","background-repeat":"repeat","background-position":"center center","background-size":"auto","background-attachment":"scroll","background-type":"","background-media":"","overlay-type":"","overlay-color":"","overlay-gradient":""}},"footnotes":""},"class_list":["post-7256","page","type-page","status-publish","hentry"],"_links":{"self":[{"href":"https:\/\/bitewithzest.com\/de\/wp-json\/wp\/v2\/pages\/7256","targetHints":{"allow":["GET"]}}],"collection":[{"href":"https:\/\/bitewithzest.com\/de\/wp-json\/wp\/v2\/pages"}],"about":[{"href":"https:\/\/bitewithzest.com\/de\/wp-json\/wp\/v2\/types\/page"}],"author":[{"embeddable":true,"href":"https:\/\/bitewithzest.com\/de\/wp-json\/wp\/v2\/users\/2"}],"replies":[{"embeddable":true,"href":"https:\/\/bitewithzest.com\/de\/wp-json\/wp\/v2\/comments?post=7256"}],"version-history":[{"count":3,"href":"https:\/\/bitewithzest.com\/de\/wp-json\/wp\/v2\/pages\/7256\/revisions"}],"predecessor-version":[{"id":7772,"href":"https:\/\/bitewithzest.com\/de\/wp-json\/wp\/v2\/pages\/7256\/revisions\/7772"}],"wp:attachment":[{"href":"https:\/\/bitewithzest.com\/de\/wp-json\/wp\/v2\/media?parent=7256"}],"curies":[{"name":"wp","href":"https:\/\/api.w.org\/{rel}","templated":true}]}}